{"id":3,"date":"2023-10-03T12:33:20","date_gmt":"2023-10-03T12:33:20","guid":{"rendered":"https:\/\/scorelogistics.lt\/?page_id=3"},"modified":"2025-10-28T06:24:38","modified_gmt":"2025-10-28T06:24:38","slug":"privacy-policy","status":"publish","type":"page","link":"https:\/\/scorelogistics.lt\/de\/privacy-policy\/","title":{"rendered":"Datenschutzrichtlinie"},"content":{"rendered":"<p>UAB \u201eScore Logistics\u201c ist der Wahrung Ihres Datenschutzes verpflichtet. Diese Datenschutzerkl\u00e4rung beschreibt, wie wir Ihre personenbezogenen Daten sammeln, verwenden und sch\u00fctzen, wenn Sie mit unserer Website und unseren Diensten interagieren. Wir verarbeiten personenbezogene Daten in \u00dcbereinstimmung mit der Datenschutz-Grundverordnung (Verordnung (EU) 2016\/679, \u201eGDPR\u201c) und anderen anwendbaren Datenschutzgesetzen.<\/p>\n<p>Der f\u00fcr die Verarbeitung Ihrer personenbezogenen Daten verantwortliche Datenkontrolleur ist UAB \u201eScore Logistics\u201c, registriert unter der Adresse: Ugniagesi\u0173 g. 14, LT-02244 Vilnius, mit der Unternehmenskennung 306420672. Wenn Sie Fragen zu dieser Datenschutzerkl\u00e4rung oder zum Umgang mit Ihren personenbezogenen Daten haben, k\u00f6nnen Sie uns unter contact@scorelogistics.lt kontaktieren oder die Telefonnummer +370 658 80 802 anrufen.<\/p>\n<h3>Datenerfassung und -nutzung<\/h3>\n<p>Wir erfassen und verarbeiten personenbezogene Daten, die Sie uns freiwillig zur Verf\u00fcgung stellen, beispielsweise wenn Sie uns per E-Mail oder Telefon kontaktieren, Anfragen stellen, Dienstleistungen anfordern oder einen Vertrag mit uns abschlie\u00dfen. Dies kann Ihren Namen, Kontaktdaten und alle anderen Informationen umfassen, die Sie teilen. Wir verarbeiten Ihre personenbezogenen Daten f\u00fcr folgende Zwecke:<\/p>\n<ul>\n<li>Kommunikation und Beantwortung von Anfragen<\/li>\n<li>Erbringung von Dienstleistungen und Vertragserf\u00fcllung<\/li>\n<li>Einhaltung gesetzlicher Verpflichtungen<\/li>\n<li>Gesch\u00e4ftsverwaltung und Kundensupport<\/li>\n<\/ul>\n<h3>Datenspeicherung<\/h3>\n<p>Wir speichern Ihre personenbezogenen Daten nur so lange, wie es notwendig ist, um die Zwecke zu erf\u00fcllen, f\u00fcr die sie erhoben wurden, gesetzliche Verpflichtungen zu erf\u00fcllen oder Streitigkeiten zu kl\u00e4ren. Die Speicherdauer h\u00e4ngt von der Art der Daten und gesetzlichen Anforderungen ab, aber im Allgemeinen:<\/p>\n<ul>\n<li>Mit vertragsbezogenen Daten werden 10 Jahre gem\u00e4\u00df den Anforderungen der Buchf\u00fchrungs- und Steuergesetze gespeichert.<\/li>\n<li>Kommunikationsdaten werden bis zu 2 Jahren f\u00fcr Kundenservice-Zwecke aufbewahrt.<\/li>\n<li>Alle anderen Daten werden nur so lange gespeichert, wie es f\u00fcr den jeweiligen Verarbeitungszweck erforderlich ist.<\/li>\n<\/ul>\n<h3>Datenaustausch<\/h3>\n<p>Wir teilen Ihre personenbezogenen Daten nicht mit Dritten, au\u00dfer in den folgenden F\u00e4llen:<\/p>\n<ul>\n<li>Wenn es gesetzlich vorgeschrieben ist (z. B. von Beh\u00f6rden oder Gerichten)<\/li>\n<li>Wenn es f\u00fcr die Erbringung von Dienstleistungen notwendig ist (z. B. IT-Dienstleister, Buchhaltungsfirmen oder Logistikpartner)<\/li>\n<li>Mit vertrauensw\u00fcrdigen Partnern, die uns bei der F\u00fchrung unseres Gesch\u00e4fts unterst\u00fctzen, unter strengen vertraglichen Verpflichtungen, die die Einhaltung des Datenschutzes gew\u00e4hrleisten.<\/li>\n<\/ul>\n<h3>Datensicherheit<\/h3>\n<p>Wir setzen geeignete technische und organisatorische Ma\u00dfnahmen um, um Ihre personenbezogenen Daten vor unbefugtem Zugriff, Verlust, Ver\u00e4nderung oder Offenlegung zu sch\u00fctzen. Diese Ma\u00dfnahmen umfassen:<\/p>\n<ul>\n<li>Sichere Speicherung und Zugriffssteuerungen<\/li>\n<li>Datenschl\u00fcsselung, wo anwendbar<\/li>\n<li>Regelm\u00e4\u00dfige Sicherheitsaudits und Schulungen der Mitarbeiter<\/li>\n<\/ul>\n<p>Trotzdem wir uns bem\u00fchen, die Datensicherheit zu gew\u00e4hrleisten, kann kein System vollst\u00e4ndig sicher sein, und wir k\u00f6nnen keine absolute Schutzgarantie geben.<\/p>\n<h3>Ihre Rechte<\/h3>\n<p>Gem\u00e4\u00df der DSGVO haben Sie folgende Rechte hinsichtlich Ihrer personenbezogenen Daten:<\/p>\n<ul>\n<li>Das Recht auf Zugang zu Ihren personenbezogenen Daten<\/li>\n<li>Das Recht, die Korrektur oder L\u00f6schung Ihrer Daten zu verlangen<\/li>\n<li>Das Recht, der Verarbeitung zu widersprechen<\/li>\n<li>Das Recht, die Datenverarbeitung einzuschr\u00e4nken<\/li>\n<li>Das Recht auf Daten\u00fcbertragbarkeit<\/li>\n<\/ul>\n<p>Wenn Sie eines dieser Rechte aus\u00fcben m\u00f6chten, kontaktieren Sie uns bitte unter contact@scorelogistics.lt. Wenn Sie der Ansicht sind, dass Ihre Rechte verletzt wurden, k\u00f6nnen Sie sich auch an die zust\u00e4ndige Datenschutzbeh\u00f6rde wenden.<\/p>\n<h3>Cookies<\/h3>\n<p>Wir verwenden auf unserer Website keine Cookies. Bitte beachten Sie jedoch, dass von unserer Website verlinkte Drittanbieter-Dienste Cookies verwenden k\u00f6nnen und eigene Datenschutzrichtlinien haben. Wir empfehlen Ihnen, die Datenschutzrichtlinien solcher Drittanbieter zu pr\u00fcfen.<\/p>\n<h3>Richtlinienaktualisierungen<\/h3>\n<p>Wir k\u00f6nnen diese Datenschutzerkl\u00e4rung von Zeit zu Zeit aktualisieren, um \u00c4nderungen in den gesetzlichen Anforderungen oder unseren Datenverarbeitungspraktiken widerzuspiegeln. Alle \u00c4nderungen werden auf unserer Website ver\u00f6ffentlicht, und wir empfehlen Ihnen, diese Richtlinie regelm\u00e4\u00dfig zu \u00fcberpr\u00fcfen.<\/p>\n<p>Falls Sie Fragen oder Bedenken zu dieser Datenschutzerkl\u00e4rung haben, kontaktieren Sie uns bitte unter Me\u010dislovo Reinio g. 6-1, LT-11323 Vilnius, oder schreiben Sie uns an contact@scorelogistics.lt.<\/p>","protected":false},"excerpt":{"rendered":"<p>UAB &#8220;Score Logistics&#8221; is committed to protecting your privacy. This Privacy Policy outlines how we collect, use, and safeguard your<\/p>","protected":false},"author":1,"featured_media":0,"parent":0,"menu_order":0,"comment_status":"closed","ping_status":"closed","template":"","meta":{"footnotes":""},"class_list":["post-3","page","type-page","status-publish","hentry"],"_links":{"self":[{"href":"https:\/\/scorelogistics.lt\/de\/wp-json\/wp\/v2\/pages\/3","targetHints":{"allow":["GET"]}}],"collection":[{"href":"https:\/\/scorelogistics.lt\/de\/wp-json\/wp\/v2\/pages"}],"about":[{"href":"https:\/\/scorelogistics.lt\/de\/wp-json\/wp\/v2\/types\/page"}],"author":[{"embeddable":true,"href":"https:\/\/scorelogistics.lt\/de\/wp-json\/wp\/v2\/users\/1"}],"replies":[{"embeddable":true,"href":"https:\/\/scorelogistics.lt\/de\/wp-json\/wp\/v2\/comments?post=3"}],"version-history":[{"count":5,"href":"https:\/\/scorelogistics.lt\/de\/wp-json\/wp\/v2\/pages\/3\/revisions"}],"predecessor-version":[{"id":32367,"href":"https:\/\/scorelogistics.lt\/de\/wp-json\/wp\/v2\/pages\/3\/revisions\/32367"}],"wp:attachment":[{"href":"https:\/\/scorelogistics.lt\/de\/wp-json\/wp\/v2\/media?parent=3"}],"curies":[{"name":"wp","href":"https:\/\/api.w.org\/{rel}","templated":true}]}}