{"id":32186,"date":"2025-03-04T19:33:02","date_gmt":"2025-03-04T19:33:02","guid":{"rendered":"https:\/\/scorelogistics.lt\/?page_id=32186"},"modified":"2026-04-14T06:23:22","modified_gmt":"2026-04-14T06:23:22","slug":"inner-circle-program","status":"publish","type":"page","link":"https:\/\/scorelogistics.lt\/de\/inner-circle-program\/","title":{"rendered":"Inner Circle Programm"},"content":{"rendered":"<div class=\"wpb-content-wrapper\"><div data-vc-full-width=\"true\" data-vc-full-width-temp=\"true\" data-vc-full-width-init=\"false\" data-vc-stretch-content=\"true\" class=\"vc_row wpb_row vc_row-fluid vc_row-no-padding\"><div class=\"wpb_column vc_column_container vc_col-sm-12\"><div class=\"vc_column-inner\"><div class=\"wpb_wrapper\"><section class=\"vc_cta3-container\"><div class=\"vc_general vc_do_cta3 vc_cta3 faq-t vc_cta3-style-classic vc_cta3-shape-square vc_cta3-align-center vc_cta3-color-classic vc_cta3-icon-size-md vc_cta3-actions-bottom  vc_custom_1775655096209\"><div class=\"vc_cta3_content-container\"><div class=\"vc_cta3-content\"><header class=\"vc_cta3-content-header\"><h1 style=\"font-size: 36px;color: #ffffff;text-align: center\" class=\"vc_custom_heading vc_do_custom_heading\" >Priorit\u00e4ts-LKW. Festpreise. Pers\u00f6nlicher Service.<\/h1><p style=\"font-size: 18px;color: #ffffff;text-align: center\" class=\"vc_custom_heading vc_do_custom_heading\" >Nennen Sie uns Ihre Speditionsrouten und Ihr Volumen \u2013 wir k\u00fcmmern uns um den Rest.<\/p><\/header><\/div><div class=\"vc_cta3-actions\"><div class=\"vc_btn3-container vc_btn3-center vc_do_btn\" id=\"faq-button\" ><a class=\"vc_general vc_btn3 vc_btn3-size-md vc_btn3-shape-square vc_btn3-style-modern vc_btn3-color-default\" href=\"#inner-circle-form\" title=\"Inner Circle Programm\">Angebot erhalten<\/a><\/div><\/div><\/div><\/div><\/section><\/div><\/div><\/div><\/div><div class=\"vc_row-full-width vc_clearfix\"><\/div><div data-vc-full-width=\"true\" data-vc-full-width-temp=\"true\" data-vc-full-width-init=\"false\" class=\"vc_row wpb_row vc_row-fluid map-bg-block vc_custom_1776147289365\"><div class=\"wpb_column vc_column_container vc_col-sm-12\"><div class=\"vc_column-inner\"><div class=\"wpb_wrapper\"><div class=\"vc_row wpb_row vc_inner vc_row-fluid\"><div class=\"wpb_column vc_column_container vc_col-sm-2\"><div class=\"vc_column-inner\"><div class=\"wpb_wrapper\"><\/div><\/div><\/div>\t\t\t<link rel=\"stylesheet\" id=\"basel-el-section-title-css\" href=\"https:\/\/scorelogistics.lt\/wp-content\/themes\/basel\/css\/parts\/el-section-title.min.css?ver=5.7.2\" type=\"text\/css\" media=\"all\" \/> \t\t\t<div class=\"wpb_column vc_column_container vc_col-sm-8\"><div class=\"vc_column-inner\"><div class=\"wpb_wrapper\"><div class=\"title-wrapper  basel-title-color-default basel-title-style-default basel-title-size-large text-left\"><div class=\"liner-continer\"> <span class=\"left-line\"><\/span> <h2 class=\"title\" >Wir konzentrieren uns ausschlie\u00dflich auf FTL-Lieferungen.<span class=\"title-separator\"><span><\/span><\/span><\/h2> <span class=\"right-line\"><\/span> <\/div><\/div><div id=\"basel-69d651b671262\" class=\"basel-text-block-wrapper  basel-text-block-size-custom basel-text-block-width-100 color-scheme- text-left largeTxt\"><div class=\"basel-text-block  font-primary basel-font-weight-\"><\/p>\n<h3 style=\"text-align: left;\" data-start=\"60\" data-end=\"129\"><strong>Wie sichert man sich die besten FTL-Konditionen in Westeuropa?<\/strong><\/h3>\n<p style=\"text-align: left;\">Seien wir ehrlich \u2013 beim Transport spielt der Preis eine Rolle. Jeder Euro z\u00e4hlt.<\/p>\n<p style=\"text-align: left;\" data-start=\"0\" data-end=\"223\">Um die besten Marktbedingungen zu sichern, ben\u00f6tigt ein Frachtf\u00fchrer die Zusicherung von Kunden hinsichtlich des Versandvolumens. Mit vorhersehbaren Ladungsmengen k\u00f6nnen Frachtf\u00fchrer Rundreisen optimieren und so wettbewerbsf\u00e4hige Preise und zuverl\u00e4ssigen Service gew\u00e4hrleisten.<\/p>\n<p style=\"text-align: left;\" data-start=\"225\" data-end=\"352\" data-is-last-node=\"\" data-is-only-node=\"\">Es ist eine Win-Win-Situation \u2013 Kunden erhalten bessere Tarife, Spediteure maximieren ihre Effizienz und sorgf\u00e4ltig geplante Routen bedeuten geringere CO\u2082-Emissionen.<\/p>\n<p style=\"text-align: left;\" data-start=\"0\" data-end=\"27\"><strong>Wie es funktioniert<\/strong><\/p>\n<p style=\"text-align: left;\" data-start=\"29\" data-end=\"146\">F\u00fcr Kunden, die sich zu 5 oder mehr Ladungen pro Monat verpflichten, bietet das Team ein exklusives, personalisiertes Preisangebot. Es h\u00e4ngt von der Laderegion und der M\u00f6glichkeit ab, Teil einer bestehenden Transportlinie zu werden.<\/p>\n<p><\/div><\/div><\/div><\/div><\/div><div class=\"wpb_column vc_column_container vc_col-sm-2\"><div class=\"vc_column-inner\"><div class=\"wpb_wrapper\"><\/div><\/div><\/div><\/div><\/div><\/div><\/div><\/div><div class=\"vc_row-full-width vc_clearfix\"><\/div><section data-vc-full-width=\"true\" data-vc-full-width-temp=\"true\" data-vc-full-width-init=\"false\" class=\"vc_section vc_custom_1776147269381 vc_section-has-fill\"><div class=\"vc_row wpb_row vc_row-fluid vc_custom_1775656590454\"><div class=\"wpb_column vc_column_container vc_col-sm-12\"><div class=\"vc_column-inner\"><div class=\"wpb_wrapper\"><h2 style=\"font-size: 40px;color: #FFFFFF;text-align: left\" class=\"vc_custom_heading vc_do_custom_heading vc_custom_1775652999221\" >LKW-Priorit\u00e4t<\/h2><div id=\"basel-69dddb2f1f842\" class=\"basel-text-block-wrapper  basel-text-block-size-large basel-text-block-width-100 color-scheme-custom text-left fs-20\"><div class=\"basel-text-block  font-primary basel-font-weight-\"><\/p>\n<p class=\"p1\" style=\"text-align: left;\">Wenn die Kapazit\u00e4ten in Westeuropa knapp sind, sp\u00fcren die Kunden von Inner Circle davon nichts. Ihre Routen sind in unserer 85 LKW umfassenden Flotte vorgeplant \u2013 nicht kurzfristig auf dem Spotmarkt gebucht. Wir garantieren Ihnen Ihr Volumen, damit Sie Ihren Kunden Sicherheit bieten k\u00f6nnen. Keine kurzfristigen Absagen, keine \u00fcberh\u00f6hten Notfalltarife, kein Warten auf einen LKW, der nie kommt. Ihre Ladungen sind immer im Zeitplan. Das bedeutet echte Kapazit\u00e4tsgarantie.<\/p>\n<p><\/div><\/div><\/div><\/div><\/div><\/div><\/section><div class=\"vc_row-full-width vc_clearfix\"><\/div><div data-vc-full-width=\"true\" data-vc-full-width-temp=\"true\" data-vc-full-width-init=\"false\" data-vc-stretch-content=\"true\" class=\"vc_row wpb_row vc_row-fluid vc_custom_1775655833546 vc_row-has-fill vc_row-no-padding\"><div class=\"wpb_column vc_column_container vc_col-sm-12\"><div class=\"vc_column-inner vc_custom_1775656332408\"><div class=\"wpb_wrapper\"><div class=\"vc_row wpb_row vc_inner vc_row-fluid vc_custom_1775656000754 vc_row-o-content-middle vc_row-flex\"><div class=\"wpb_column h-100 vc_column_container vc_col-sm-6 vc_col-has-fill\"><div class=\"vc_column-inner vc_custom_1775656279310\"><div class=\"wpb_wrapper\"><\/div><\/div><\/div><div class=\"wpb_column m-w-32rem vc_column_container vc_col-sm-6\"><div class=\"vc_column-inner vc_custom_1775655956677\"><div class=\"wpb_wrapper\">\t\t\t<link rel=\"stylesheet\" id=\"basel-el-info-box-css\" href=\"https:\/\/scorelogistics.lt\/wp-content\/themes\/basel\/css\/parts\/el-info-box.min.css?ver=5.7.2\" type=\"text\/css\" media=\"all\" \/> \t\t\t\t\t\t<div class=\"basel-info-box text-right icon-alignment-left box-style-base color-scheme-dark largeTxt with-animation vc_custom_1775656675182\" onclick=\"\">\n\t\t\t\t\t\t\t\t<div class=\"info-box-content\">\n\t\t\t\t\t<div class=\"info-box-inner\">\n\t\t\t\t\t\t<\/p>\n<h2 style=\"font-size: clamp(1.75rem, 0.25rem + 2vw, 2.5rem); text-align: left;\">Pers\u00f6nlicher Ansprechpartner<\/h2>\n<p style=\"text-align: left;\">Jeder Inner Circle Kunde erh\u00e4lt einen pers\u00f6nlichen Ansprechpartner, der sich pers\u00f6nlich um Ihre Sendungen k\u00fcmmert. Er kennt Ihre Routen, Ihre Frachtanforderungen und Ihre bevorzugten Zeitpl\u00e4ne. Schnelle Antworten und proaktive Updates sind die Norm, nicht die Ausnahme. Sie werden nie zwischen Abteilungen weitergereicht oder warten gelassen. Wenn sich auf der Stra\u00dfe etwas \u00e4ndert, ist Ihr Ansprechpartner bereits daran. Kein Hin und Her \u2013 nur Ergebnisse.<\/p>\n<p>\n\t\t\t\t\t<\/div>\n\t\t\t\t<\/div>\n\t\t\t<\/div>\n\t\t<\/div><\/div><\/div><\/div><\/div><\/div><\/div><\/div><div class=\"vc_row-full-width vc_clearfix\"><\/div><section data-vc-full-width=\"true\" data-vc-full-width-temp=\"true\" data-vc-full-width-init=\"false\" class=\"vc_section vc_custom_1775656630674 vc_section-has-fill\"><div class=\"vc_row wpb_row vc_row-fluid vc_custom_1775656639706\"><div class=\"wpb_column vc_column_container vc_col-sm-12\"><div class=\"vc_column-inner vc_custom_1775653450635\"><div class=\"wpb_wrapper\"><h2 style=\"font-size: 40px;color: #FFFFFF;text-align: left\" class=\"vc_custom_heading vc_do_custom_heading vc_custom_1775653080861\" >Beste Frachtraten<\/h2><div id=\"basel-69dddb061dec7\" class=\"basel-text-block-wrapper  basel-text-block-size-large basel-text-block-width-100 color-scheme-custom text-left fs-20 vc_custom_1776147228353\"><div class=\"basel-text-block  font-primary basel-font-weight-\"><\/p>\n<p class=\"p1\" style=\"text-align: left;\">Der Spotmarkt schwankt t\u00e4glich \u2013 Ihre Tarife bleiben stabil. Mitglieder des Inner Circle sichern sich wettbewerbsf\u00e4hige Preise, basierend auf ihrem zugesagten Volumen und ihren regul\u00e4ren Routen. Kraftstoffpreisschwankungen werden \u00fcber eine \u00d6lpreisindexierung abgefedert \u2013 keine unerwarteten Zuschl\u00e4ge. Wenn die Preise in Westeuropa stark ansteigen, sind Sie bereits abgesichert. Keine Neuverhandlungen, kein w\u00f6chentliches Einholen von Angeboten \u2013 Ihr Finanzteam kennt die Kosten vor Monatsbeginn. Stabile Kosten, stabiles Gesch\u00e4ft.<\/p>\n<p><\/div><\/div><\/div><\/div><\/div><\/div><\/section><div class=\"vc_row-full-width vc_clearfix\"><\/div><div data-vc-full-width=\"true\" data-vc-full-width-temp=\"true\" data-vc-full-width-init=\"false\" class=\"vc_row wpb_row vc_row-fluid map-bg-block vc_custom_1776147331935\"><div class=\"wpb_column vc_column_container vc_col-sm-12\" id=\"inner-circle-form\"><div class=\"vc_column-inner\"><div class=\"wpb_wrapper\"><div id=\"inner-circle-form\" class=\"vc_row wpb_row vc_inner vc_row-fluid\"><div class=\"wpb_column vc_column_container vc_col-sm-2\"><div class=\"vc_column-inner\"><div class=\"wpb_wrapper\"><\/div><\/div><\/div><div class=\"wpb_column vc_column_container vc_col-sm-8 vc_col-has-fill\"><div class=\"vc_column-inner vc_custom_1776147380329\"><div class=\"wpb_wrapper\"><div class=\"title-wrapper  basel-title-color-default basel-title-style-default basel-title-size-large text-center vc_custom_1775655222822\"><div class=\"liner-continer\"> <span class=\"left-line\"><\/span> <h3 class=\"title\" >Inner Circle beitreten<span class=\"title-separator\"><span><\/span><\/span><\/h3> <span class=\"right-line\"><\/span> <\/div><\/div>\n<div class=\"wpcf7 no-js\" id=\"wpcf7-f32701-o1\" lang=\"en-US\" dir=\"ltr\" data-wpcf7-id=\"32701\">\n<div class=\"screen-reader-response\"><p role=\"status\" aria-live=\"polite\" aria-atomic=\"true\"><\/p> <ul><\/ul><\/div>\n<form action=\"\/de\/wp-json\/wp\/v2\/pages\/32186#wpcf7-f32701-o1\" method=\"post\" class=\"wpcf7-form init\" aria-label=\"Contact form\" novalidate=\"novalidate\" data-status=\"init\" data-trp-original-action=\"\/de\/wp-json\/wp\/v2\/pages\/32186#wpcf7-f32701-o1\">\n<fieldset class=\"hidden-fields-container\"><input type=\"hidden\" name=\"_wpcf7\" value=\"32701\" \/><input type=\"hidden\" name=\"_wpcf7_version\" value=\"6.1.5\" \/><input type=\"hidden\" name=\"_wpcf7_locale\" value=\"en_US\" \/><input type=\"hidden\" name=\"_wpcf7_unit_tag\" value=\"wpcf7-f32701-o1\" \/><input type=\"hidden\" name=\"_wpcf7_container_post\" value=\"0\" \/><input type=\"hidden\" name=\"_wpcf7_posted_data_hash\" value=\"\" \/><input type=\"hidden\" name=\"_wpcf7_recaptcha_response\" value=\"\" \/>\n<\/fieldset>\n<p><label>Firmenname (erforderlich)<\/label><span class=\"wpcf7-form-control-wrap\" data-name=\"your-company\"><input size=\"40\" maxlength=\"400\" class=\"wpcf7-form-control wpcf7-text wpcf7-validates-as-required\" aria-required=\"true\" aria-invalid=\"false\" value=\"\" type=\"text\" name=\"your-company\" \/><\/span>\n<\/p>\n<p><label>E-Mail (erforderlich)<\/label><span class=\"wpcf7-form-control-wrap\" data-name=\"email\"><input size=\"40\" maxlength=\"400\" class=\"wpcf7-form-control wpcf7-email wpcf7-validates-as-required wpcf7-text wpcf7-validates-as-email\" aria-required=\"true\" aria-invalid=\"false\" value=\"\" type=\"email\" name=\"email\" \/><\/span>\n<\/p>\n<p><label>Telefon (erforderlich)<\/label><span class=\"wpcf7-form-control-wrap\" data-name=\"phone\"><input size=\"40\" maxlength=\"400\" class=\"wpcf7-form-control wpcf7-tel wpcf7-validates-as-required wpcf7-text wpcf7-validates-as-tel\" aria-required=\"true\" aria-invalid=\"false\" placeholder=\"+00 000 000 000\" value=\"\" type=\"tel\" name=\"phone\" \/><\/span>\n<\/p>\n<p><label>Monatliches FTL-Volumen (erforderlich)<\/label><span class=\"wpcf7-form-control-wrap\" data-name=\"your-volume\"><input size=\"40\" maxlength=\"400\" class=\"wpcf7-form-control wpcf7-text wpcf7-validates-as-required\" aria-required=\"true\" aria-invalid=\"false\" value=\"\" type=\"text\" name=\"your-volume\" \/><\/span>\n<\/p>\n<p><label>Hauptladezone (erforderlich)<\/label><span class=\"wpcf7-form-control-wrap\" data-name=\"your-region\"><input size=\"40\" maxlength=\"400\" class=\"wpcf7-form-control wpcf7-text wpcf7-validates-as-required\" aria-required=\"true\" aria-invalid=\"false\" value=\"\" type=\"text\" name=\"your-region\" \/><\/span>\n<\/p>\n<p style = \"color:#999999\">Diese Website ist durch reCAPTCHA gesch\u00fctzt.\n<\/p>\n<p><span class=\"wpcf7-form-control-wrap\" data-name=\"terms\"><span class=\"wpcf7-form-control wpcf7-acceptance\"><span class=\"wpcf7-list-item\"><label><input type=\"checkbox\" name=\"terms\" value=\"1\" aria-invalid=\"false\" \/><span class=\"wpcf7-list-item-label\">Ich stimme den <a href=\"\/de\/privacy-policy\/\" target=\"_blank\">Allgemeinen Gesch\u00e4ftsbedingungen und der Datenschutzrichtlinie zu<\/a><\/span><\/label><\/span><\/span><\/span>\n<\/p>\n<p><input class=\"wpcf7-form-control wpcf7-submit has-spinner btn-color-primary btn\" type=\"submit\" value=\"ANGEBOT ANFORDERN\" \/>\n<\/p><p style=\"display: none !important;\" class=\"akismet-fields-container\" data-prefix=\"_wpcf7_ak_\"><label>Delta<textarea name=\"_wpcf7_ak_hp_textarea\" cols=\"45\" rows=\"8\" maxlength=\"100\"><\/textarea><\/label><input type=\"hidden\" id=\"ak_js_1\" name=\"_wpcf7_ak_js\" value=\"7\"\/><script>document.getElementById( \"ak_js_1\" ).setAttribute( \"value\", ( new Date() ).getTime() );<\/script><\/p><div class=\"wpcf7-response-output\" aria-hidden=\"true\"><\/div>\n<input type=\"hidden\" name=\"trp-form-language\" value=\"de\"\/><\/form>\n<\/div>\n<\/div><\/div><\/div><div class=\"wpb_column vc_column_container vc_col-sm-2\"><div class=\"vc_column-inner\"><div class=\"wpb_wrapper\"><\/div><\/div><\/div><\/div><\/div><\/div><\/div><\/div><div class=\"vc_row-full-width vc_clearfix\"><\/div>\n<\/div>","protected":false},"excerpt":{"rendered":"Priority Trucks. Fixed Rates. Personal Service.Tell us your lanes and volume - we'll handle the rest.Get My Offer Focusing Only","protected":false},"author":2,"featured_media":0,"parent":0,"menu_order":0,"comment_status":"closed","ping_status":"closed","template":"","meta":{"footnotes":""},"class_list":["post-32186","page","type-page","status-publish","hentry"],"_links":{"self":[{"href":"https:\/\/scorelogistics.lt\/de\/wp-json\/wp\/v2\/pages\/32186","targetHints":{"allow":["GET"]}}],"collection":[{"href":"https:\/\/scorelogistics.lt\/de\/wp-json\/wp\/v2\/pages"}],"about":[{"href":"https:\/\/scorelogistics.lt\/de\/wp-json\/wp\/v2\/types\/page"}],"author":[{"embeddable":true,"href":"https:\/\/scorelogistics.lt\/de\/wp-json\/wp\/v2\/users\/2"}],"replies":[{"embeddable":true,"href":"https:\/\/scorelogistics.lt\/de\/wp-json\/wp\/v2\/comments?post=32186"}],"version-history":[{"count":52,"href":"https:\/\/scorelogistics.lt\/de\/wp-json\/wp\/v2\/pages\/32186\/revisions"}],"predecessor-version":[{"id":32935,"href":"https:\/\/scorelogistics.lt\/de\/wp-json\/wp\/v2\/pages\/32186\/revisions\/32935"}],"wp:attachment":[{"href":"https:\/\/scorelogistics.lt\/de\/wp-json\/wp\/v2\/media?parent=32186"}],"curies":[{"name":"wp","href":"https:\/\/api.w.org\/{rel}","templated":true}]}}