{"id":32189,"date":"2025-03-04T19:43:06","date_gmt":"2025-03-04T19:43:06","guid":{"rendered":"https:\/\/scorelogistics.lt\/?page_id=32189"},"modified":"2026-04-09T12:01:30","modified_gmt":"2026-04-09T12:01:30","slug":"career","status":"publish","type":"page","link":"https:\/\/scorelogistics.lt\/de\/career\/","title":{"rendered":"Karriere"},"content":{"rendered":"<div class=\"wpb-content-wrapper\"><div class=\"vc_row wpb_row vc_row-fluid vc_custom_1775118136621 vc_row-has-fill vc_row-o-equal-height vc_row-flex\"><div class=\"wpb_column vc_column_container vc_col-sm-6\"><div class=\"vc_column-inner\"><div class=\"wpb_wrapper\">\t\t\t<link rel=\"stylesheet\" id=\"basel-el-images-gallery-css\" href=\"https:\/\/scorelogistics.lt\/wp-content\/themes\/basel\/css\/parts\/el-images-gallery.min.css?ver=5.7.2\" type=\"text\/css\" media=\"all\" \/> \t\t\t\t\t\t<div id=\"gallery_326\" class=\"basel-images-gallery  spacing-0 columns-1 view-grid photoswipe-images\" >\n\t\t\t\t<div class=\"gallery-images\">\n\t\t\t\t\t\t\t\t\t\t\t\t\t\t\t\t\t\t<div class=\"basel-gallery-item\">\n\t\t\t\t\t\t\t\t\t\t\t\t\t\t\t\t\t<a href=\"https:\/\/scorelogistics.lt\/wp-content\/uploads\/2026\/04\/1763126243882.jpg\" data-index=\"1\" data-width=\"1024\" data-height=\"683\"  >\n\t\t\t\t\t\t\t\t\t\t\t\t\t\t\t\n\t\t\t\t\t\t\t\t\t\t\t\t\t\t\t\t\t<img loading=\"lazy\" decoding=\"async\" width=\"1024\" height=\"683\" src=\"https:\/\/scorelogistics.lt\/wp-content\/uploads\/2026\/04\/1763126243882.jpg\" class=\"basel-gallery-image image-1 attachment-large\" alt=\"Office\" title=\"1763126243882\" srcset=\"https:\/\/scorelogistics.lt\/wp-content\/uploads\/2026\/04\/1763126243882.jpg 1024w, https:\/\/scorelogistics.lt\/wp-content\/uploads\/2026\/04\/1763126243882-300x200.jpg 300w, https:\/\/scorelogistics.lt\/wp-content\/uploads\/2026\/04\/1763126243882-768x512.jpg 768w\" sizes=\"auto, (max-width: 1024px) 100vw, 1024px\" \/>\t\t\t\t\t\t\t\t\n\t\t\t\t\t\t\t\t\t\t\t\t\t\t\t\t\t<\/a>\n\t\t\t\t\t\t\t\t\t\t\t\t\t\t\t<\/div>\n\t\t\t\t\t\t\t\t\t\t\t\t\t\t\t<\/div>\n\t\t\t<\/div>\n\t\t\t\t\t<\/div><\/div><\/div><div class=\"wpb_column vc_column_container vc_col-sm-6\"><div class=\"vc_column-inner\"><div class=\"wpb_wrapper\"><h1 style=\"text-align: left\" class=\"vc_custom_heading vc_do_custom_heading vc_custom_1775118104601\" >Ein Team, auf das Sie sich verlassen k\u00f6nnen<\/h1><div class=\"vc_separator wpb_content_element vc_separator_align_center vc_sep_width_60 vc_sep_pos_align_left vc_separator_no_text vc_sep_color_blue\" ><span class=\"vc_sep_holder vc_sep_holder_l\"><span class=\"vc_sep_line\"><\/span><\/span><span class=\"vc_sep_holder vc_sep_holder_r\"><span class=\"vc_sep_line\"><\/span><\/span>\n<\/div>\n\t<div class=\"wpb_text_column wpb_content_element color-scheme-dark\" >\n\t\t<div class=\"wpb_wrapper\">\n\t\t\t<p>Bei Score Logistics glauben wir, dass pers\u00f6nliches Wachstum beruflichen Erfolg antreibt. Wir schaffen eine Umgebung, in der motivierte Menschen Verantwortung \u00fcbernehmen, ihre St\u00e4rken entwickeln und sich t\u00e4glich durch echte Herausforderungen weiterentwickeln k\u00f6nnen.<\/p>\n<p>Wir ermutigen unsere Kollegen, \u00fcber ihre Stellenbeschreibung hinauszudenken, Verantwortung f\u00fcr ihre Arbeit zu \u00fcbernehmen und Ideen einzubringen, die einen echten Unterschied machen. Bei Score Logistics entsteht Wachstum durch Vertrauen und die M\u00f6glichkeit, durch praktisches Lernen zu wachsen.<\/p>\n\n\t\t<\/div>\n\t<\/div>\n<\/div><\/div><\/div><\/div><div class=\"vc_row wpb_row vc_row-fluid vc_row-o-equal-height vc_row-flex row-reverse-mobile\"><div class=\"wpb_column vc_column_container vc_col-sm-6\"><div class=\"vc_column-inner\"><div class=\"wpb_wrapper\"><div class=\"vc_empty_space\"   style=\"height: 32px\"><span class=\"vc_empty_space_inner\"><\/span><\/div><h2 style=\"text-align: left\" class=\"vc_custom_heading vc_do_custom_heading\" >Bewerben Sie sich jetzt<\/h2><div class=\"vc_separator wpb_content_element vc_separator_align_center vc_sep_width_30 vc_sep_pos_align_left vc_separator_no_text vc_sep_color_blue\" ><span class=\"vc_sep_holder vc_sep_holder_l\"><span class=\"vc_sep_line\"><\/span><\/span><span class=\"vc_sep_holder vc_sep_holder_r\"><span class=\"vc_sep_line\"><\/span><\/span>\n<\/div>\n<div class=\"wpcf7 no-js\" id=\"wpcf7-f32592-o1\" lang=\"en-US\" dir=\"ltr\" data-wpcf7-id=\"32592\">\n<div class=\"screen-reader-response\"><p role=\"status\" aria-live=\"polite\" aria-atomic=\"true\"><\/p> <ul><\/ul><\/div>\n<form action=\"\/de\/wp-json\/wp\/v2\/pages\/32189#wpcf7-f32592-o1\" method=\"post\" class=\"wpcf7-form init\" aria-label=\"Contact form\" novalidate=\"novalidate\" data-status=\"init\" data-trp-original-action=\"\/de\/wp-json\/wp\/v2\/pages\/32189#wpcf7-f32592-o1\">\n<fieldset class=\"hidden-fields-container\"><input type=\"hidden\" name=\"_wpcf7\" value=\"32592\" \/><input type=\"hidden\" name=\"_wpcf7_version\" value=\"6.1.5\" \/><input type=\"hidden\" name=\"_wpcf7_locale\" value=\"en_US\" \/><input type=\"hidden\" name=\"_wpcf7_unit_tag\" value=\"wpcf7-f32592-o1\" \/><input type=\"hidden\" name=\"_wpcf7_container_post\" value=\"0\" \/><input type=\"hidden\" name=\"_wpcf7_posted_data_hash\" value=\"\" \/><input type=\"hidden\" name=\"_wpcf7_recaptcha_response\" value=\"\" \/>\n<\/fieldset>\n<p><label>Name (erforderlich)<\/label><span class=\"wpcf7-form-control-wrap\" data-name=\"your-name\"><input size=\"40\" maxlength=\"400\" class=\"wpcf7-form-control wpcf7-text wpcf7-validates-as-required\" aria-required=\"true\" aria-invalid=\"false\" value=\"\" type=\"text\" name=\"your-name\" \/><\/span>\n<\/p>\n<p><label>E-Mail (erforderlich)<\/label><span class=\"wpcf7-form-control-wrap\" data-name=\"email\"><input size=\"40\" maxlength=\"400\" class=\"wpcf7-form-control wpcf7-email wpcf7-validates-as-required wpcf7-text wpcf7-validates-as-email\" aria-required=\"true\" aria-invalid=\"false\" value=\"\" type=\"email\" name=\"email\" \/><\/span>\n<\/p>\n<p><label>Telefon (erforderlich)<\/label><span class=\"wpcf7-form-control-wrap\" data-name=\"phone\"><input size=\"40\" maxlength=\"400\" class=\"wpcf7-form-control wpcf7-tel wpcf7-validates-as-required wpcf7-text wpcf7-validates-as-tel\" aria-required=\"true\" aria-invalid=\"false\" placeholder=\"+370...\" value=\"\" type=\"tel\" name=\"phone\" \/><\/span>\n<\/p>\n<p><label> Position You\u2019re Applying For<br \/>\n<span class=\"wpcf7-form-control-wrap\" data-name=\"position\"><input size=\"40\" maxlength=\"400\" class=\"wpcf7-form-control wpcf7-text wpcf7-validates-as-required\" aria-required=\"true\" aria-invalid=\"false\" placeholder=\"e.g. Logistics Coordinator\" value=\"\" type=\"text\" name=\"position\" \/><\/span> <\/label>\n<\/p>\n<p><label>Nachricht<\/label><span class=\"wpcf7-form-control-wrap\" data-name=\"your-message\"><textarea cols=\"40\" rows=\"10\" maxlength=\"2000\" class=\"wpcf7-form-control wpcf7-textarea\" aria-invalid=\"false\" name=\"your-message\"><\/textarea><\/span>\n<\/p>\n<p style = \"color:#999999\">Diese Website ist durch reCAPTCHA gesch\u00fctzt.\n<\/p>\n<p><span class=\"wpcf7-form-control-wrap\" data-name=\"terms\"><span class=\"wpcf7-form-control wpcf7-acceptance\"><span class=\"wpcf7-list-item\"><label><input type=\"checkbox\" name=\"terms\" value=\"1\" aria-invalid=\"false\" \/><span class=\"wpcf7-list-item-label\">Ich stimme den <a href=\"\/de\/privacy-policy\/\" target=\"_blank\">Allgemeinen Gesch\u00e4ftsbedingungen und der Datenschutzrichtlinie zu<\/a><\/span><\/label><\/span><\/span><\/span>\n<\/p>\n<p><input class=\"wpcf7-form-control wpcf7-submit has-spinner btn-color-primary btn\" type=\"submit\" value=\"ANGEBOT ANFORDERN\" \/>\n<\/p><p style=\"display: none !important;\" class=\"akismet-fields-container\" data-prefix=\"_wpcf7_ak_\"><label>Delta<textarea name=\"_wpcf7_ak_hp_textarea\" cols=\"45\" rows=\"8\" maxlength=\"100\"><\/textarea><\/label><input type=\"hidden\" id=\"ak_js_1\" name=\"_wpcf7_ak_js\" value=\"180\"\/><script>document.getElementById( \"ak_js_1\" ).setAttribute( \"value\", ( new Date() ).getTime() );<\/script><\/p><div class=\"wpcf7-response-output\" aria-hidden=\"true\"><\/div>\n<input type=\"hidden\" name=\"trp-form-language\" value=\"de\"\/><\/form>\n<\/div>\n<\/div><\/div><\/div><div class=\"wpb_column vc_column_container vc_col-sm-6 vc_hidden-sm vc_hidden-xs\"><div class=\"vc_column-inner\"><div class=\"wpb_wrapper\">\n\t<div  class=\"wpb_single_image wpb_content_element vc_align_left\">\n\t\t\n\t\t<figure class=\"wpb_wrapper vc_figure\">\n\t\t\t<div class=\"vc_single_image-wrapper   vc_box_border_grey\"><img loading=\"lazy\" decoding=\"async\" width=\"605\" height=\"1024\" src=\"https:\/\/scorelogistics.lt\/wp-content\/uploads\/2026\/04\/TruckIcon-605x1024.jpg\" class=\"vc_single_image-img attachment-large\" alt=\"Truck-Parked\" title=\"Lkw+Symbol\" srcset=\"https:\/\/scorelogistics.lt\/wp-content\/uploads\/2026\/04\/TruckIcon-605x1024.jpg 605w, https:\/\/scorelogistics.lt\/wp-content\/uploads\/2026\/04\/TruckIcon-177x300.jpg 177w, https:\/\/scorelogistics.lt\/wp-content\/uploads\/2026\/04\/TruckIcon.jpg 756w\" sizes=\"auto, (max-width: 605px) 100vw, 605px\" \/><\/div>\n\t\t<\/figure>\n\t<\/div>\n<\/div><\/div><\/div><\/div>\n<\/div>","protected":false},"excerpt":{"rendered":"A team you can rely on At Score Logistics, we believe that personal growth drives professional success. We create environment","protected":false},"author":2,"featured_media":0,"parent":0,"menu_order":0,"comment_status":"closed","ping_status":"closed","template":"","meta":{"footnotes":""},"class_list":["post-32189","page","type-page","status-publish","hentry"],"_links":{"self":[{"href":"https:\/\/scorelogistics.lt\/de\/wp-json\/wp\/v2\/pages\/32189","targetHints":{"allow":["GET"]}}],"collection":[{"href":"https:\/\/scorelogistics.lt\/de\/wp-json\/wp\/v2\/pages"}],"about":[{"href":"https:\/\/scorelogistics.lt\/de\/wp-json\/wp\/v2\/types\/page"}],"author":[{"embeddable":true,"href":"https:\/\/scorelogistics.lt\/de\/wp-json\/wp\/v2\/users\/2"}],"replies":[{"embeddable":true,"href":"https:\/\/scorelogistics.lt\/de\/wp-json\/wp\/v2\/comments?post=32189"}],"version-history":[{"count":20,"href":"https:\/\/scorelogistics.lt\/de\/wp-json\/wp\/v2\/pages\/32189\/revisions"}],"predecessor-version":[{"id":32607,"href":"https:\/\/scorelogistics.lt\/de\/wp-json\/wp\/v2\/pages\/32189\/revisions\/32607"}],"wp:attachment":[{"href":"https:\/\/scorelogistics.lt\/de\/wp-json\/wp\/v2\/media?parent=32189"}],"curies":[{"name":"wp","href":"https:\/\/api.w.org\/{rel}","templated":true}]}}