{"id":32196,"date":"2025-03-04T20:05:37","date_gmt":"2025-03-04T20:05:37","guid":{"rendered":"https:\/\/scorelogistics.lt\/?page_id=32196"},"modified":"2026-04-14T13:16:44","modified_gmt":"2026-04-14T13:16:44","slug":"consumer-goods-transportation","status":"publish","type":"page","link":"https:\/\/scorelogistics.lt\/de\/consumer-goods-transportation\/","title":{"rendered":"Transport von Konsumg\u00fctern"},"content":{"rendered":"<div class=\"wpb-content-wrapper\"><div class=\"vc_row wpb_row vc_row-fluid vc_row-o-equal-height vc_row-flex\"><div class=\"wpb_column vc_column_container vc_col-sm-6\"><div class=\"vc_column-inner\"><div class=\"wpb_wrapper\"><h2 style=\"font-size: 45px;text-align: center\" class=\"vc_custom_heading vc_do_custom_heading vc_custom_1776056796372\" >Sind Sie FMCG-Hersteller? H\u00e4ndler oder Gro\u00dfh\u00e4ndler?<\/h2>\n\t<div class=\"wpb_text_column wpb_content_element largeTxt\" >\n\t\t<div class=\"wpb_wrapper\">\n\t\t\t<p class=\"font-claude-response-body break-words whitespace-normal leading-&#091;1.7&#093;\" style=\"text-align: center;\">Es spielt keine Rolle, ob Sie Stra\u00dfentransporte f\u00fcr Getr\u00e4nke, Nudeln, Zucker oder Kekse ben\u00f6tigen.<\/p>\n<p class=\"font-claude-response-body break-words whitespace-normal leading-&#091;1.7&#093;\" style=\"text-align: center;\">Wenn es um FMCG geht, erwarten Kunden einen erfahrenen und zuverl\u00e4ssigen Partner. Ordnungsgem\u00e4\u00dfe Fahreranweisung, klares Verst\u00e4ndnis der Standortregeln und Buchung von Zeitfenstern in der eigenen Software des Kunden \u2013 das geh\u00f6rt f\u00fcr unser FTL-Team zum Alltag.<\/p>\n\n\t\t<\/div>\n\t<\/div>\n<\/div><\/div><\/div><div class=\"wpb_column vc_column_container vc_col-sm-6\"><div class=\"vc_column-inner\"><div class=\"wpb_wrapper\">\n\t<div  class=\"wpb_single_image wpb_content_element vc_align_left vc_custom_1775727205288\">\n\t\t\n\t\t<figure class=\"wpb_wrapper vc_figure\">\n\t\t\t<div class=\"vc_single_image-wrapper   vc_box_border_grey\"><img loading=\"lazy\" decoding=\"async\" width=\"800\" height=\"600\" src=\"https:\/\/scorelogistics.lt\/wp-content\/uploads\/2025\/08\/Score-Logistics-FTL-Delivery-Team-Cunsumer-Goods-Transportation.png\" class=\"vc_single_image-img attachment-full\" alt=\"FTL Loading - From Netherlads to Germany\" title=\"Score Logistics \u2013 FTL-Lieferteam \u2013 Konsumg\u00fctertransport\" srcset=\"https:\/\/scorelogistics.lt\/wp-content\/uploads\/2025\/08\/Score-Logistics-FTL-Delivery-Team-Cunsumer-Goods-Transportation.png 800w, https:\/\/scorelogistics.lt\/wp-content\/uploads\/2025\/08\/Score-Logistics-FTL-Delivery-Team-Cunsumer-Goods-Transportation-300x225.png 300w, https:\/\/scorelogistics.lt\/wp-content\/uploads\/2025\/08\/Score-Logistics-FTL-Delivery-Team-Cunsumer-Goods-Transportation-768x576.png 768w\" sizes=\"auto, (max-width: 800px) 100vw, 800px\" \/><\/div>\n\t\t<\/figure>\n\t<\/div>\n<\/div><\/div><\/div><\/div><section data-vc-full-width=\"true\" data-vc-full-width-temp=\"true\" data-vc-full-width-init=\"false\" class=\"vc_section vc_custom_1775825632252 vc_section-has-fill\"><div class=\"vc_row wpb_row vc_row-fluid vc_row-o-full-height vc_row-o-columns-middle vc_row-o-equal-height vc_row-flex row-reverse-mobile row-reverse-tablet\"><div class=\"wpb_column vc_column_container vc_col-sm-6 vc_col-has-fill\"><div class=\"vc_column-inner vc_custom_1776056633827\"><div class=\"wpb_wrapper\">\n\t<div  class=\"wpb_single_image wpb_content_element vc_align_left\">\n\t\t\n\t\t<figure class=\"wpb_wrapper vc_figure\">\n\t\t\t<div class=\"vc_single_image-wrapper   vc_box_border_grey\"><img loading=\"lazy\" decoding=\"async\" width=\"2560\" height=\"1920\" src=\"https:\/\/scorelogistics.lt\/wp-content\/uploads\/2026\/04\/Score-hauler-1-scaled.png\" class=\"vc_single_image-img attachment-full\" alt=\"Score-FTL-Hauler\" title=\"Score-hauler\" srcset=\"https:\/\/scorelogistics.lt\/wp-content\/uploads\/2026\/04\/Score-hauler-1-scaled.png 2560w, https:\/\/scorelogistics.lt\/wp-content\/uploads\/2026\/04\/Score-hauler-1-300x225.png 300w, https:\/\/scorelogistics.lt\/wp-content\/uploads\/2026\/04\/Score-hauler-1-1024x768.png 1024w, https:\/\/scorelogistics.lt\/wp-content\/uploads\/2026\/04\/Score-hauler-1-768x576.png 768w, https:\/\/scorelogistics.lt\/wp-content\/uploads\/2026\/04\/Score-hauler-1-1536x1152.png 1536w, https:\/\/scorelogistics.lt\/wp-content\/uploads\/2026\/04\/Score-hauler-1-2048x1536.png 2048w\" sizes=\"auto, (max-width: 2560px) 100vw, 2560px\" \/><\/div>\n\t\t<\/figure>\n\t<\/div>\n<\/div><\/div><\/div><div class=\"wpb_column vc_column_container vc_col-sm-6 vc_col-has-fill\"><div class=\"vc_column-inner vc_custom_1775826158261\"><div class=\"wpb_wrapper\"><h2 style=\"font-size: 45px;color: #FFFFFF;text-align: center\" class=\"vc_custom_heading vc_do_custom_heading vc_custom_1775824474831\" >Ihr Produktionsplan braucht einen Frachtf\u00fchrer, der Schritt h\u00e4lt.<\/h2>\n\t<div class=\"wpb_text_column wpb_content_element largeTxt color-scheme-light\" >\n\t\t<div class=\"wpb_wrapper\">\n\t\t\t<p class=\"font-claude-response-body break-words whitespace-normal leading-&#091;1.7&#093;\" style=\"text-align: center;\">Mit einer Flotte von 85 Curtainsider-Aufliegern ist Kapazit\u00e4t kein Problem. Wir fahren jede Woche feste Routen durch Westeuropa. Dieselben Strecken, dieselben Fahrer, dieselben Standards \u2013 damit der Lkw da ist, wenn Sie ihn brauchen. Kein Suchen nach Spotkapazit\u00e4ten, keine Last-Minute-\u00dcberraschungen.<\/p>\n<p class=\"font-claude-response-body break-words whitespace-normal leading-&#091;1.7&#093;\" style=\"text-align: center;\">Kunden, die sich zu mehr als 5 Ladungen pro Monat verpflichten, profitieren von besonderen Inner Circle Konditionen \u2013 Priorit\u00e4tskapazit\u00e4t, Festpreise und einem pers\u00f6nlichen Ansprechpartner, der Ihr Gesch\u00e4ft in- und auswendig kennt.<\/p>\n\n\t\t<\/div>\n\t<\/div>\n<\/div><\/div><\/div><\/div><\/section><div class=\"vc_row-full-width vc_clearfix\"><\/div><div class=\"vc_row wpb_row vc_row-fluid\"><div class=\"wpb_column vc_column_container vc_col-sm-6\"><div class=\"vc_column-inner\"><div class=\"wpb_wrapper\"><h2 style=\"font-size: 45px;text-align: center\" class=\"vc_custom_heading vc_do_custom_heading vc_custom_1775821973743\" >Zuverl\u00e4ssiger Transport durch Westeuropa.<\/h2>\n\t<div class=\"wpb_text_column wpb_content_element largeTxt\" >\n\t\t<div class=\"wpb_wrapper\">\n\t\t\t<p style=\"text-align: center;\">Ihre Produkte von der Fabrik ins Regal durch ganz Westeuropa zu bringen, erfordert mehr als einen LKW. Es braucht einen Frachtf\u00fchrer, der Produktionspl\u00e4ne, Buchungsportale und den Druck von FMCG-Lieferketten versteht.<\/p>\n<p style=\"text-align: center;\">Wir sind in Italien, Frankreich, Belgien, den Niederlanden, Luxemburg, Deutschland, \u00d6sterreich und Tschechien t\u00e4tig \u2013 und wir haben unsere gesamte Betriebsstruktur darauf ausgerichtet, diesen Prozess f\u00fcr Hersteller, H\u00e4ndler und Gro\u00dfh\u00e4ndler gleicherma\u00dfen planbar zu machen.<\/p>\n\n\t\t<\/div>\n\t<\/div>\n<\/div><\/div><\/div><div class=\"wpb_column vc_column_container vc_col-sm-6\"><div class=\"vc_column-inner\"><div class=\"wpb_wrapper\">\n\t<div  class=\"wpb_single_image wpb_content_element vc_align_left vc_custom_1776056933633\">\n\t\t\n\t\t<figure class=\"wpb_wrapper vc_figure\">\n\t\t\t<div class=\"vc_single_image-wrapper   vc_box_border_grey\"><img loading=\"lazy\" decoding=\"async\" width=\"1024\" height=\"786\" src=\"https:\/\/scorelogistics.lt\/wp-content\/uploads\/2026\/04\/score_logistics_coverage_map-1024x786.jpg\" class=\"vc_single_image-img attachment-large\" alt=\"\" title=\"score_logistics_abdeckungskarte\" srcset=\"https:\/\/scorelogistics.lt\/wp-content\/uploads\/2026\/04\/score_logistics_coverage_map-1024x786.jpg 1024w, https:\/\/scorelogistics.lt\/wp-content\/uploads\/2026\/04\/score_logistics_coverage_map-300x230.jpg 300w, https:\/\/scorelogistics.lt\/wp-content\/uploads\/2026\/04\/score_logistics_coverage_map-768x589.jpg 768w, https:\/\/scorelogistics.lt\/wp-content\/uploads\/2026\/04\/score_logistics_coverage_map-1536x1179.jpg 1536w, https:\/\/scorelogistics.lt\/wp-content\/uploads\/2026\/04\/score_logistics_coverage_map-2048x1571.jpg 2048w\" sizes=\"auto, (max-width: 1024px) 100vw, 1024px\" \/><\/div>\n\t\t<\/figure>\n\t<\/div>\n<\/div><\/div><\/div><\/div><section data-vc-full-width=\"true\" data-vc-full-width-temp=\"true\" data-vc-full-width-init=\"false\" class=\"vc_section vc_custom_1775729839521 vc_section-has-fill\"><div id=\"consumer-goods-form\" class=\"vc_row wpb_row vc_row-fluid\"><div class=\"wpb_column vc_column_container vc_col-sm-2\"><div class=\"vc_column-inner\"><div class=\"wpb_wrapper\"><\/div><\/div><\/div><div class=\"wpb_column vc_column_container vc_col-sm-8\"><div class=\"vc_column-inner\"><div class=\"wpb_wrapper\"><h2 style=\"font-size: 45px;color: #FFFFFF;text-align: center\" class=\"vc_custom_heading vc_do_custom_heading vc_custom_1775821991146\" >Bereit f\u00fcr eine ma\u00dfgeschneiderte L\u00f6sung?<\/h2>\n<div class=\"wpcf7 no-js\" id=\"wpcf7-f32727-o1\" lang=\"en-US\" dir=\"ltr\" data-wpcf7-id=\"32727\">\n<div class=\"screen-reader-response\"><p role=\"status\" aria-live=\"polite\" aria-atomic=\"true\"><\/p> <ul><\/ul><\/div>\n<form action=\"\/de\/wp-json\/wp\/v2\/pages\/32196#wpcf7-f32727-o1\" method=\"post\" class=\"wpcf7-form init\" aria-label=\"Contact form\" novalidate=\"novalidate\" data-status=\"init\" data-trp-original-action=\"\/de\/wp-json\/wp\/v2\/pages\/32196#wpcf7-f32727-o1\">\n<fieldset class=\"hidden-fields-container\"><input type=\"hidden\" name=\"_wpcf7\" value=\"32727\" \/><input type=\"hidden\" name=\"_wpcf7_version\" value=\"6.1.5\" \/><input type=\"hidden\" name=\"_wpcf7_locale\" value=\"en_US\" \/><input type=\"hidden\" name=\"_wpcf7_unit_tag\" value=\"wpcf7-f32727-o1\" \/><input type=\"hidden\" name=\"_wpcf7_container_post\" value=\"0\" \/><input type=\"hidden\" name=\"_wpcf7_posted_data_hash\" value=\"\" \/><input type=\"hidden\" name=\"_wpcf7_recaptcha_response\" value=\"\" \/>\n<\/fieldset>\n<p><label>Name (erforderlich)<\/label><span class=\"wpcf7-form-control-wrap\" data-name=\"your-name\"><input size=\"40\" maxlength=\"400\" class=\"wpcf7-form-control wpcf7-text wpcf7-validates-as-required\" aria-required=\"true\" aria-invalid=\"false\" value=\"\" type=\"text\" name=\"your-name\" \/><\/span>\n<\/p>\n<p><label>Unternehmen (erforderlich)<\/label><span class=\"wpcf7-form-control-wrap\" data-name=\"your-company\"><input size=\"40\" maxlength=\"400\" class=\"wpcf7-form-control wpcf7-text wpcf7-validates-as-required\" aria-required=\"true\" aria-invalid=\"false\" value=\"\" type=\"text\" name=\"your-company\" \/><\/span>\n<\/p>\n<p><label>E-Mail (erforderlich)<\/label><span class=\"wpcf7-form-control-wrap\" data-name=\"email\"><input size=\"40\" maxlength=\"400\" class=\"wpcf7-form-control wpcf7-email wpcf7-validates-as-required wpcf7-text wpcf7-validates-as-email\" aria-required=\"true\" aria-invalid=\"false\" value=\"\" type=\"email\" name=\"email\" \/><\/span>\n<\/p>\n<p><label>Telefon (erforderlich)<\/label><span class=\"wpcf7-form-control-wrap\" data-name=\"phone\"><input size=\"40\" maxlength=\"400\" class=\"wpcf7-form-control wpcf7-tel wpcf7-validates-as-required wpcf7-text wpcf7-validates-as-tel\" aria-required=\"true\" aria-invalid=\"false\" value=\"\" type=\"tel\" name=\"phone\" \/><\/span>\n<\/p>\n<p><label>Nachricht<\/label><span class=\"wpcf7-form-control-wrap\" data-name=\"your-message\"><textarea cols=\"40\" rows=\"10\" maxlength=\"2000\" class=\"wpcf7-form-control wpcf7-textarea\" aria-invalid=\"false\" name=\"your-message\"><\/textarea><\/span>\n<\/p>\n<p style = \"color:#999999\">Diese Website ist durch reCAPTCHA gesch\u00fctzt.\n<\/p>\n<p><span class=\"wpcf7-form-control-wrap\" data-name=\"terms\"><span class=\"wpcf7-form-control wpcf7-acceptance\"><span class=\"wpcf7-list-item\"><label><input type=\"checkbox\" name=\"terms\" value=\"1\" aria-invalid=\"false\" \/><span class=\"wpcf7-list-item-label\">Ich stimme den <a href=\"\/de\/privacy-policy\/\" target=\"_blank\">Allgemeinen Gesch\u00e4ftsbedingungen und der Datenschutzrichtlinie zu<\/a><\/span><\/label><\/span><\/span><\/span>\n<\/p>\n<p><input class=\"wpcf7-form-control wpcf7-submit has-spinner btn-color-primary btn\" type=\"submit\" value=\"ANGEBOT ANFORDERN\" \/>\n<\/p><p style=\"display: none !important;\" class=\"akismet-fields-container\" data-prefix=\"_wpcf7_ak_\"><label>Delta<textarea name=\"_wpcf7_ak_hp_textarea\" cols=\"45\" rows=\"8\" maxlength=\"100\"><\/textarea><\/label><input type=\"hidden\" id=\"ak_js_1\" name=\"_wpcf7_ak_js\" value=\"11\"\/><script>document.getElementById( \"ak_js_1\" ).setAttribute( \"value\", ( new Date() ).getTime() );<\/script><\/p><div class=\"wpcf7-response-output\" aria-hidden=\"true\"><\/div>\n<input type=\"hidden\" name=\"trp-form-language\" value=\"de\"\/><\/form>\n<\/div>\n<\/div><\/div><\/div><div class=\"wpb_column vc_column_container vc_col-sm-2\"><div class=\"vc_column-inner\"><div class=\"wpb_wrapper\"><\/div><\/div><\/div><\/div><\/section><div class=\"vc_row-full-width vc_clearfix\"><\/div><div data-vc-full-width=\"true\" data-vc-full-width-temp=\"true\" data-vc-full-width-init=\"false\" data-vc-stretch-content=\"true\" class=\"vc_row wpb_row vc_row-fluid vc_custom_1776056888747 vc_row-has-fill\"><div class=\"wpb_column vc_column_container vc_col-sm-3\"><div class=\"vc_column-inner\"><div class=\"wpb_wrapper\"><\/div><\/div><\/div><div class=\"wpb_column vc_column_container vc_col-sm-6 color-scheme-light text-center\"><div class=\"vc_column-inner\"><div class=\"wpb_wrapper\"><\/div><\/div><\/div><div class=\"wpb_column vc_column_container vc_col-sm-3\"><div class=\"vc_column-inner\"><div class=\"wpb_wrapper\"><\/div><\/div><\/div><div class=\"wpb_column vc_column_container vc_col-sm-12\"><div class=\"vc_column-inner\"><div class=\"wpb_wrapper\"><\/div><\/div><\/div><\/div><div class=\"vc_row-full-width vc_clearfix\"><\/div>\n<\/div>","protected":false},"excerpt":{"rendered":"Are you manufacturer of FMCG goods? Trader or wholesaler? It does not matter if you need road transportation of beverages,","protected":false},"author":2,"featured_media":0,"parent":0,"menu_order":0,"comment_status":"closed","ping_status":"closed","template":"","meta":{"footnotes":""},"class_list":["post-32196","page","type-page","status-publish","hentry"],"_links":{"self":[{"href":"https:\/\/scorelogistics.lt\/de\/wp-json\/wp\/v2\/pages\/32196","targetHints":{"allow":["GET"]}}],"collection":[{"href":"https:\/\/scorelogistics.lt\/de\/wp-json\/wp\/v2\/pages"}],"about":[{"href":"https:\/\/scorelogistics.lt\/de\/wp-json\/wp\/v2\/types\/page"}],"author":[{"embeddable":true,"href":"https:\/\/scorelogistics.lt\/de\/wp-json\/wp\/v2\/users\/2"}],"replies":[{"embeddable":true,"href":"https:\/\/scorelogistics.lt\/de\/wp-json\/wp\/v2\/comments?post=32196"}],"version-history":[{"count":48,"href":"https:\/\/scorelogistics.lt\/de\/wp-json\/wp\/v2\/pages\/32196\/revisions"}],"predecessor-version":[{"id":32969,"href":"https:\/\/scorelogistics.lt\/de\/wp-json\/wp\/v2\/pages\/32196\/revisions\/32969"}],"wp:attachment":[{"href":"https:\/\/scorelogistics.lt\/de\/wp-json\/wp\/v2\/media?parent=32196"}],"curies":[{"name":"wp","href":"https:\/\/api.w.org\/{rel}","templated":true}]}}