{"id":32202,"date":"2025-03-04T20:06:30","date_gmt":"2025-03-04T20:06:30","guid":{"rendered":"https:\/\/scorelogistics.lt\/?page_id=32202"},"modified":"2026-04-15T09:56:39","modified_gmt":"2026-04-15T09:56:39","slug":"waste-transportation","status":"publish","type":"page","link":"https:\/\/scorelogistics.lt\/de\/waste-transportation\/","title":{"rendered":"Transport von Abf\u00e4llen"},"content":{"rendered":"<div class=\"wpb-content-wrapper\"><div class=\"vc_row wpb_row vc_row-fluid\"><div class=\"wpb_column vc_column_container vc_col-sm-6\"><div class=\"vc_column-inner\"><div class=\"wpb_wrapper\"><h2 style=\"font-size: 30px;text-align: center\" class=\"vc_custom_heading vc_do_custom_heading vc_custom_1776246981612\" >Sind Sie ein Recycler, Abfallentsorger oder Hersteller, der mit End-of-Waste-Materialien arbeitet?<\/h2>\n\t<div class=\"wpb_text_column wpb_content_element largeTxt\" >\n\t\t<div class=\"wpb_wrapper\">\n\t\t\t<p class=\"font-claude-response-body break-words whitespace-normal leading-&#091;1.7&#093;\" style=\"text-align: center;\">Abfalltransport bleibt eines der am meisten untersch\u00e4tzten Segmente in der europ\u00e4ischen Logistik. Viele Frachtf\u00fchrer meiden ihn \u2013 zus\u00e4tzliche Bewegungen, Sondergenehmigungen und ein h\u00f6heres Risiko der Auflieger-Kontaminierung machen ihn anspruchsvoller als eine Standard-FTL-Ladung.<\/p>\n<p class=\"font-claude-response-body break-words whitespace-normal leading-&#091;1.7&#093;\" style=\"text-align: center;\">Aber ohne zuverl\u00e4ssige Logistik f\u00fcr Kunststoffabf\u00e4lle, Papierabf\u00e4lle oder End-of-Waste-Materialien stehen Hersteller in ganz Europa vor Verz\u00f6gerungen und Engp\u00e4ssen bei Rohstoffen. Die Kreislaufwirtschaft funktioniert nur, wenn der Transport funktioniert.<\/p>\n\n\t\t<\/div>\n\t<\/div>\n<\/div><\/div><\/div><div class=\"wpb_column vc_column_container vc_col-sm-6\"><div class=\"vc_column-inner\"><div class=\"wpb_wrapper\">\n\t<div  class=\"wpb_single_image wpb_content_element vc_align_left\">\n\t\t\n\t\t<figure class=\"wpb_wrapper vc_figure\">\n\t\t\t<div class=\"vc_single_image-wrapper   vc_box_border_grey\"><img loading=\"lazy\" decoding=\"async\" width=\"969\" height=\"933\" src=\"https:\/\/scorelogistics.lt\/wp-content\/uploads\/2025\/04\/Score-Logistics-Waste-Transportation-Western-Europe.png\" class=\"vc_single_image-img attachment-large\" alt=\"Score Logistics - Waste Transporation\" title=\"Score Logistics \u2013 Abfalltransport in Westeuropa\" srcset=\"https:\/\/scorelogistics.lt\/wp-content\/uploads\/2025\/04\/Score-Logistics-Waste-Transportation-Western-Europe.png 969w, https:\/\/scorelogistics.lt\/wp-content\/uploads\/2025\/04\/Score-Logistics-Waste-Transportation-Western-Europe-300x289.png 300w, https:\/\/scorelogistics.lt\/wp-content\/uploads\/2025\/04\/Score-Logistics-Waste-Transportation-Western-Europe-768x739.png 768w\" sizes=\"auto, (max-width: 969px) 100vw, 969px\" \/><\/div>\n\t\t<\/figure>\n\t<\/div>\n<\/div><\/div><\/div><\/div><section data-vc-full-width=\"true\" data-vc-full-width-temp=\"true\" data-vc-full-width-init=\"false\" class=\"vc_section vc_custom_1775733650065 vc_section-has-fill\"><div class=\"vc_row wpb_row vc_row-fluid\"><div class=\"wpb_column vc_column_container vc_col-sm-6\"><div class=\"vc_column-inner\"><div class=\"wpb_wrapper\">\n\t<div  class=\"wpb_single_image wpb_content_element vc_align_left\">\n\t\t\n\t\t<figure class=\"wpb_wrapper vc_figure\">\n\t\t\t<div class=\"vc_single_image-wrapper   vc_box_border_grey\"><img loading=\"lazy\" decoding=\"async\" width=\"846\" height=\"837\" src=\"https:\/\/scorelogistics.lt\/wp-content\/uploads\/2025\/04\/Score-Logistics-End-of-Waste-Transportation-Western-Europe.png\" class=\"vc_single_image-img attachment-large\" alt=\"Score Logistics - End Of Waste Transportation\" title=\"Score Logistics \u2013 End-of-Waste-Transport \u2013 Westeuropa\" srcset=\"https:\/\/scorelogistics.lt\/wp-content\/uploads\/2025\/04\/Score-Logistics-End-of-Waste-Transportation-Western-Europe.png 846w, https:\/\/scorelogistics.lt\/wp-content\/uploads\/2025\/04\/Score-Logistics-End-of-Waste-Transportation-Western-Europe-300x297.png 300w, https:\/\/scorelogistics.lt\/wp-content\/uploads\/2025\/04\/Score-Logistics-End-of-Waste-Transportation-Western-Europe-768x760.png 768w\" sizes=\"auto, (max-width: 846px) 100vw, 846px\" \/><\/div>\n\t\t<\/figure>\n\t<\/div>\n<\/div><\/div><\/div><div class=\"wpb_column vc_column_container vc_col-sm-6\"><div class=\"vc_column-inner\"><div class=\"wpb_wrapper\"><h1 style=\"font-size: 45px;color: #FFFFFF;text-align: center\" class=\"vc_custom_heading vc_do_custom_heading\" >Das ist mehr als nur Abfalltransport.<\/h1>\n\t<div class=\"wpb_text_column wpb_content_element largeTxt color-scheme-light\" >\n\t\t<div class=\"wpb_wrapper\">\n\t\t\t<p class=\"font-claude-response-body break-words whitespace-normal leading-&#091;1.7&#093;\">Wir verbinden Recyclinganlagen mit Produktionsst\u00e4tten in Belgien, den Niederlanden, Frankreich und Deutschland \u2013 und stellen sicher, dass wertvolle Materialien p\u00fcnktlich und zuverl\u00e4ssig geliefert werden. Ein Service, der Europas Umweltziele und industrielle Effizienz unterst\u00fctzt.<\/p>\n<p class=\"font-claude-response-body break-words whitespace-normal leading-&#091;1.7&#093;\">Mit einer Flotte von 85 Tautlinern und festen Routen in ganz Westeuropa verf\u00fcgen wir \u00fcber die Kapazit\u00e4t und die Erfahrung, um dies zu bew\u00e4ltigen. Kunden, die sich zu mehr als 5 Ladungen pro Monat verpflichten, profitieren von besonderen Inner-Circle-Konditionen.<\/p>\n\n\t\t<\/div>\n\t<\/div>\n<\/div><\/div><\/div><\/div><\/section><div class=\"vc_row-full-width vc_clearfix\"><\/div><div id=\"waste-transportation-form\" class=\"vc_row wpb_row vc_row-fluid\"><div class=\"wpb_column vc_column_container vc_col-sm-2\"><div class=\"vc_column-inner\"><div class=\"wpb_wrapper\"><\/div><\/div><\/div><div class=\"wpb_column vc_column_container vc_col-sm-8\"><div class=\"vc_column-inner vc_custom_1775733463283\"><div class=\"wpb_wrapper\"><h2 style=\"font-size: 30px;text-align: center\" class=\"vc_custom_heading vc_do_custom_heading vc_custom_1775733439655\" >Bereit f\u00fcr eine ma\u00dfgeschneiderte L\u00f6sung?<\/h2>\n<div class=\"wpcf7 no-js\" id=\"wpcf7-f32727-o1\" lang=\"en-US\" dir=\"ltr\" data-wpcf7-id=\"32727\">\n<div class=\"screen-reader-response\"><p role=\"status\" aria-live=\"polite\" aria-atomic=\"true\"><\/p> <ul><\/ul><\/div>\n<form action=\"\/de\/wp-json\/wp\/v2\/pages\/32202#wpcf7-f32727-o1\" method=\"post\" class=\"wpcf7-form init\" aria-label=\"Contact form\" novalidate=\"novalidate\" data-status=\"init\" data-trp-original-action=\"\/de\/wp-json\/wp\/v2\/pages\/32202#wpcf7-f32727-o1\">\n<fieldset class=\"hidden-fields-container\"><input type=\"hidden\" name=\"_wpcf7\" value=\"32727\" \/><input type=\"hidden\" name=\"_wpcf7_version\" value=\"6.1.5\" \/><input type=\"hidden\" name=\"_wpcf7_locale\" value=\"en_US\" \/><input type=\"hidden\" name=\"_wpcf7_unit_tag\" value=\"wpcf7-f32727-o1\" \/><input type=\"hidden\" name=\"_wpcf7_container_post\" value=\"0\" \/><input type=\"hidden\" name=\"_wpcf7_posted_data_hash\" value=\"\" \/><input type=\"hidden\" name=\"_wpcf7_recaptcha_response\" value=\"\" \/>\n<\/fieldset>\n<p><label>Name (erforderlich)<\/label><span class=\"wpcf7-form-control-wrap\" data-name=\"your-name\"><input size=\"40\" maxlength=\"400\" class=\"wpcf7-form-control wpcf7-text wpcf7-validates-as-required\" aria-required=\"true\" aria-invalid=\"false\" value=\"\" type=\"text\" name=\"your-name\" \/><\/span>\n<\/p>\n<p><label>Unternehmen (erforderlich)<\/label><span class=\"wpcf7-form-control-wrap\" data-name=\"your-company\"><input size=\"40\" maxlength=\"400\" class=\"wpcf7-form-control wpcf7-text wpcf7-validates-as-required\" aria-required=\"true\" aria-invalid=\"false\" value=\"\" type=\"text\" name=\"your-company\" \/><\/span>\n<\/p>\n<p><label>E-Mail (erforderlich)<\/label><span class=\"wpcf7-form-control-wrap\" data-name=\"email\"><input size=\"40\" maxlength=\"400\" class=\"wpcf7-form-control wpcf7-email wpcf7-validates-as-required wpcf7-text wpcf7-validates-as-email\" aria-required=\"true\" aria-invalid=\"false\" value=\"\" type=\"email\" name=\"email\" \/><\/span>\n<\/p>\n<p><label>Telefon (erforderlich)<\/label><span class=\"wpcf7-form-control-wrap\" data-name=\"phone\"><input size=\"40\" maxlength=\"400\" class=\"wpcf7-form-control wpcf7-tel wpcf7-validates-as-required wpcf7-text wpcf7-validates-as-tel\" aria-required=\"true\" aria-invalid=\"false\" value=\"\" type=\"tel\" name=\"phone\" \/><\/span>\n<\/p>\n<p><label>Nachricht<\/label><span class=\"wpcf7-form-control-wrap\" data-name=\"your-message\"><textarea cols=\"40\" rows=\"10\" maxlength=\"2000\" class=\"wpcf7-form-control wpcf7-textarea\" aria-invalid=\"false\" name=\"your-message\"><\/textarea><\/span>\n<\/p>\n<p style = \"color:#999999\">Diese Website ist durch reCAPTCHA gesch\u00fctzt.\n<\/p>\n<p><span class=\"wpcf7-form-control-wrap\" data-name=\"terms\"><span class=\"wpcf7-form-control wpcf7-acceptance\"><span class=\"wpcf7-list-item\"><label><input type=\"checkbox\" name=\"terms\" value=\"1\" aria-invalid=\"false\" \/><span class=\"wpcf7-list-item-label\">Ich stimme den <a href=\"\/de\/privacy-policy\/\" target=\"_blank\">Allgemeinen Gesch\u00e4ftsbedingungen und der Datenschutzrichtlinie zu<\/a><\/span><\/label><\/span><\/span><\/span>\n<\/p>\n<p><input class=\"wpcf7-form-control wpcf7-submit has-spinner btn-color-primary btn\" type=\"submit\" value=\"ANGEBOT ANFORDERN\" \/>\n<\/p><p style=\"display: none !important;\" class=\"akismet-fields-container\" data-prefix=\"_wpcf7_ak_\"><label>Delta<textarea name=\"_wpcf7_ak_hp_textarea\" cols=\"45\" rows=\"8\" maxlength=\"100\"><\/textarea><\/label><input type=\"hidden\" id=\"ak_js_1\" name=\"_wpcf7_ak_js\" value=\"213\"\/><script>document.getElementById( \"ak_js_1\" ).setAttribute( \"value\", ( new Date() ).getTime() );<\/script><\/p><div class=\"wpcf7-response-output\" aria-hidden=\"true\"><\/div>\n<input type=\"hidden\" name=\"trp-form-language\" value=\"de\"\/><\/form>\n<\/div>\n<\/div><\/div><\/div><div class=\"wpb_column vc_column_container vc_col-sm-2\"><div class=\"vc_column-inner\"><div class=\"wpb_wrapper\"><\/div><\/div><\/div><\/div>\n<\/div>","protected":false},"excerpt":{"rendered":"Are you a recycler, waste handler or manufacturer working with end-of-waste materials? Waste transportation remains one of the most underestimated","protected":false},"author":2,"featured_media":0,"parent":0,"menu_order":0,"comment_status":"closed","ping_status":"closed","template":"","meta":{"footnotes":""},"class_list":["post-32202","page","type-page","status-publish","hentry"],"_links":{"self":[{"href":"https:\/\/scorelogistics.lt\/de\/wp-json\/wp\/v2\/pages\/32202","targetHints":{"allow":["GET"]}}],"collection":[{"href":"https:\/\/scorelogistics.lt\/de\/wp-json\/wp\/v2\/pages"}],"about":[{"href":"https:\/\/scorelogistics.lt\/de\/wp-json\/wp\/v2\/types\/page"}],"author":[{"embeddable":true,"href":"https:\/\/scorelogistics.lt\/de\/wp-json\/wp\/v2\/users\/2"}],"replies":[{"embeddable":true,"href":"https:\/\/scorelogistics.lt\/de\/wp-json\/wp\/v2\/comments?post=32202"}],"version-history":[{"count":22,"href":"https:\/\/scorelogistics.lt\/de\/wp-json\/wp\/v2\/pages\/32202\/revisions"}],"predecessor-version":[{"id":32971,"href":"https:\/\/scorelogistics.lt\/de\/wp-json\/wp\/v2\/pages\/32202\/revisions\/32971"}],"wp:attachment":[{"href":"https:\/\/scorelogistics.lt\/de\/wp-json\/wp\/v2\/media?parent=32202"}],"curies":[{"name":"wp","href":"https:\/\/api.w.org\/{rel}","templated":true}]}}