{"id":32208,"date":"2025-03-04T20:06:51","date_gmt":"2025-03-04T20:06:51","guid":{"rendered":"https:\/\/scorelogistics.lt\/?page_id=32208"},"modified":"2026-04-10T11:34:19","modified_gmt":"2026-04-10T11:34:19","slug":"dangerous-goods-adr-transportation","status":"publish","type":"page","link":"https:\/\/scorelogistics.lt\/de\/dangerous-goods-adr-transportation\/","title":{"rendered":"Gefahrguttransport (ADR)"},"content":{"rendered":"<div class=\"wpb-content-wrapper\"><div class=\"vc_row wpb_row vc_row-fluid vc_custom_1775811313946 vc_row-has-fill\"><div class=\"wpb_column vc_column_container vc_col-sm-6\"><div class=\"vc_column-inner\"><div class=\"wpb_wrapper\"><h2 style=\"font-size: 45px;text-align: center\" class=\"vc_custom_heading vc_do_custom_heading\" >Transportieren Sie Gefahrg\u00fcter quer durch Westeuropa?<\/h2><div id=\"basel-69d8e0202ba8b\" class=\"basel-text-block-wrapper  basel-text-block-size-default basel-text-block-width-100 color-scheme- text-left largeTxt\"><div class=\"basel-text-block  font-primary basel-font-weight-\"><\/p>\n<p class=\"font-claude-response-body break-words whitespace-normal leading-&#091;1.7&#093;\" style=\"text-align: center;\">ADR-Fracht ist mit erheblicher Komplexit\u00e4t verbunden, strenge Dokumentation, zertifizierte Fahrer, ADR-konforme Fahrzeuge und regulatorische Anforderungen, je nach Land und Gefahrklasse variieren.<\/p>\n<p class=\"font-claude-response-body break-words whitespace-normal leading-&#091;1.7&#093;\" style=\"text-align: center;\">Gefahrguttransport ist bei Score Logistics eine zentrale operative Kompetenz. Jeder Fahrer, der f\u00fcr ADR-Sendungen eingesetzt wird, verf\u00fcgt \u00fcber eine g\u00fcltige ADR-Schulungsbescheinigung. Unsere Fahrzeuge sind vollst\u00e4ndig ADR-konform ausgestattet und werden regelm\u00e4\u00dfig gepr\u00fcft, sodass alle gesetzlichen Anforderungen jederzeit erf\u00fcllt sind. Wir transportieren Gefahrg\u00fcter der Klassen 2, 3, 4, 5, 6, 8 und 9 \u2013 mit \u00fcber 20 ADR-Sendungen pro Woche in Italien, Frankreich, Belgien, den Niederlanden, Luxemburg, Deutschland, \u00d6sterreich und Tschechien.<\/p>\n<p><\/div><\/div><\/div><\/div><\/div><div class=\"wpb_column vc_column_container vc_col-sm-6\"><div class=\"vc_column-inner\"><div class=\"wpb_wrapper\">\n\t<div  class=\"wpb_single_image wpb_content_element vc_align_left\">\n\t\t\n\t\t<figure class=\"wpb_wrapper vc_figure\">\n\t\t\t<div class=\"vc_single_image-wrapper   vc_box_border_grey\"><img loading=\"lazy\" decoding=\"async\" width=\"881\" height=\"1024\" src=\"https:\/\/scorelogistics.lt\/wp-content\/uploads\/2025\/04\/Score-Logistics-ADR-Transportation-881x1024.png\" class=\"vc_single_image-img attachment-large\" alt=\"ADR Transportation Western Europe\" title=\"Score Logistics \u2013 ADR-Transport\" srcset=\"https:\/\/scorelogistics.lt\/wp-content\/uploads\/2025\/04\/Score-Logistics-ADR-Transportation-881x1024.png 881w, https:\/\/scorelogistics.lt\/wp-content\/uploads\/2025\/04\/Score-Logistics-ADR-Transportation-258x300.png 258w, https:\/\/scorelogistics.lt\/wp-content\/uploads\/2025\/04\/Score-Logistics-ADR-Transportation-768x892.png 768w, https:\/\/scorelogistics.lt\/wp-content\/uploads\/2025\/04\/Score-Logistics-ADR-Transportation.png 896w\" sizes=\"auto, (max-width: 881px) 100vw, 881px\" \/><\/div>\n\t\t<\/figure>\n\t<\/div>\n<\/div><\/div><\/div><\/div><section data-vc-full-width=\"true\" data-vc-full-width-temp=\"true\" data-vc-full-width-init=\"false\" class=\"vc_section vc_custom_1775802116999 vc_section-has-fill\"><div class=\"vc_row wpb_row vc_row-fluid vc_custom_1775819997441 vc_row-has-fill vc_row-o-equal-height vc_row-flex row-reverse-mobile row-reverse-tablet\"><div class=\"wpb_column vc_column_container vc_col-sm-6\"><div class=\"vc_column-inner\"><div class=\"wpb_wrapper\">\n\t<div  class=\"wpb_single_image wpb_content_element vc_align_left\">\n\t\t\n\t\t<figure class=\"wpb_wrapper vc_figure\">\n\t\t\t<div class=\"vc_single_image-wrapper   vc_box_border_grey\"><img loading=\"lazy\" decoding=\"async\" width=\"620\" height=\"779\" src=\"https:\/\/scorelogistics.lt\/wp-content\/uploads\/2026\/04\/ADR_edited-1.jpg\" class=\"vc_single_image-img attachment-large\" alt=\"ADR-Liquid\" title=\"ADR\" srcset=\"https:\/\/scorelogistics.lt\/wp-content\/uploads\/2026\/04\/ADR_edited-1.jpg 620w, https:\/\/scorelogistics.lt\/wp-content\/uploads\/2026\/04\/ADR_edited-1-239x300.jpg 239w\" sizes=\"auto, (max-width: 620px) 100vw, 620px\" \/><\/div>\n\t\t<\/figure>\n\t<\/div>\n<\/div><\/div><\/div><div class=\"wpb_column vc_column_container vc_col-sm-6\"><div class=\"vc_column-inner vc_custom_1775819775913\"><div class=\"wpb_wrapper\"><h2 style=\"font-size: 45px;color: #FFFFFF;text-align: center\" class=\"vc_custom_heading vc_do_custom_heading\" >Zuverl\u00e4ssiger ADR-Transport in ganz Europa<\/h2>\n\t<div class=\"wpb_text_column wpb_content_element vc_custom_1775820824209 largeTxt color-scheme-light\" >\n\t\t<div class=\"wpb_wrapper\">\n\t\t\t<p class=\"font-claude-response-body break-words whitespace-normal leading-&#091;1.7&#093;\" style=\"text-align: center;\">Im Gegensatz zu Spediteuren, die Ihre Sendung an Drittfrachtf\u00fchrer weitergeben, betreiben wir unsere eigene Flotte von 85 LKWs. Ein Vertrag, eine haftende Partei, vollst\u00e4ndige Lieferkette vom Verladen bis zur Zustellung.<\/p>\n<p class=\"font-claude-response-body break-words whitespace-normal leading-&#091;1.7&#093;\" style=\"text-align: center;\">Wo es die Vorschriften erlauben, k\u00f6nnen ADR-Fracht und allgemeine G\u00fcter im selben Tautliner transportiert werden \u2013 was die Kosten senkt und die Planungsflexibilit\u00e4t f\u00fcr Verlader mit gemischten Ladungen verbessert. Kunden, die sich zu mehr als 5 Ladungen pro Monat verpflichten, profitieren von besonderen <a href=\"https:\/\/scorelogistics.lt\/de\/inner-circle-program\/\"><strong>Inner-Circle-Konditionen<\/strong><\/a>.<\/p>\n\n\t\t<\/div>\n\t<\/div>\n<\/div><\/div><\/div><\/div><\/section><div class=\"vc_row-full-width vc_clearfix\"><\/div><div class=\"vc_row wpb_row vc_row-fluid vc_custom_1775811335548 vc_row-has-fill\"><div class=\"wpb_column vc_column_container vc_col-sm-6\"><div class=\"vc_column-inner\"><div class=\"wpb_wrapper\"><h2 style=\"font-size: 45px;text-align: center\" class=\"vc_custom_heading vc_do_custom_heading vc_custom_1775810513456\" >ADR-Klassen, die wir transportieren<\/h2>\n\t<div class=\"wpb_text_column wpb_content_element vc_custom_1775820851858 largeTxt\" >\n\t\t<div class=\"wpb_wrapper\">\n\t\t\t<p style=\"text-align: center;\">Wir transportieren Gefahrg\u00fcter der Klassen 2, 3, 4, 5, 6, 8 und 9. Dies umfasst verdichtete und verfl\u00fcssigte Gase, entz\u00fcndbare Fl\u00fcssigkeiten einschlie\u00dflich Motor\u00f6l und Scheibenreiniger, entz\u00fcndbare Feststoffe, oxidierende Stoffe, giftige und ansteckungsgef\u00e4hrliche Stoffe, \u00e4tzende Stoffe einschlie\u00dflich Chlorvinylchlorid sowie verschiedene gef\u00e4hrliche Stoffe wie Lithiumbatterien und umweltgef\u00e4hrdende Materialien. Wenn Ihre Fracht in diese Klassen f\u00e4llt, verf\u00fcgen wir \u00fcber die zertifizierte Kapazit\u00e4t, sie zu transportieren.<\/p>\n\n\t\t<\/div>\n\t<\/div>\n<\/div><\/div><\/div><div class=\"wpb_column vc_column_container vc_col-sm-6\" id=\"ADR_Logos\"><div class=\"vc_column-inner\"><div class=\"wpb_wrapper\">\t\t\t<link rel=\"stylesheet\" id=\"basel-el-images-gallery-css\" href=\"https:\/\/scorelogistics.lt\/wp-content\/themes\/basel\/css\/parts\/el-images-gallery.min.css?ver=5.7.2\" type=\"text\/css\" media=\"all\" \/> \t\t\t\t\t\t<div id=\"gallery_257\" class=\"basel-images-gallery vertical-middle vertical-middle-gallery spacing-6 columns-4 view-grid\" >\n\t\t\t\t<div class=\"gallery-images\">\n\t\t\t\t\t\t\t\t\t\t\t\t\t\t\t\t\t\t<div class=\"basel-gallery-item\">\n\t\t\t\t\t\t\t\t\t\t\t\t\t\t\t\n\t\t\t\t\t\t\t\t\t\t\t\t\t\t\t\t\t<img loading=\"lazy\" decoding=\"async\" width=\"300\" height=\"300\" src=\"https:\/\/scorelogistics.lt\/wp-content\/uploads\/2026\/04\/FlammableAerosolsGases-300x300.gif\" class=\"basel-gallery-image image-1 attachment-medium\" alt=\"Flammable-Aerosols-Gases\" title=\"FlammableAerosolsGases\" srcset=\"https:\/\/scorelogistics.lt\/wp-content\/uploads\/2026\/04\/FlammableAerosolsGases-300x300.gif 300w, https:\/\/scorelogistics.lt\/wp-content\/uploads\/2026\/04\/FlammableAerosolsGases-150x150.gif 150w\" sizes=\"auto, (max-width: 300px) 100vw, 300px\" \/>\t\t\t\t\t\t\t\t\n\t\t\t\t\t\t\t\t\t\t\t\t\t\t\t<\/div>\n\t\t\t\t\t\t\t\t\t\t\t\t\t<div class=\"basel-gallery-item\">\n\t\t\t\t\t\t\t\t\t\t\t\t\t\t\t\n\t\t\t\t\t\t\t\t\t\t\t\t\t\t\t\t\t<img loading=\"lazy\" decoding=\"async\" width=\"300\" height=\"300\" src=\"https:\/\/scorelogistics.lt\/wp-content\/uploads\/2026\/04\/Non-FlammableGas-300x300.jpg\" class=\"basel-gallery-image image-2 attachment-medium\" alt=\"Non-FlammableGas\" title=\"Non-FlammableGas\" srcset=\"https:\/\/scorelogistics.lt\/wp-content\/uploads\/2026\/04\/Non-FlammableGas-300x300.jpg 300w, https:\/\/scorelogistics.lt\/wp-content\/uploads\/2026\/04\/Non-FlammableGas-150x150.jpg 150w, https:\/\/scorelogistics.lt\/wp-content\/uploads\/2026\/04\/Non-FlammableGas.jpg 500w\" sizes=\"auto, (max-width: 300px) 100vw, 300px\" \/>\t\t\t\t\t\t\t\t\n\t\t\t\t\t\t\t\t\t\t\t\t\t\t\t<\/div>\n\t\t\t\t\t\t\t\t\t\t\t\t\t<div class=\"basel-gallery-item\">\n\t\t\t\t\t\t\t\t\t\t\t\t\t\t\t\n\t\t\t\t\t\t\t\t\t\t\t\t\t\t\t\t\t<img loading=\"lazy\" decoding=\"async\" width=\"300\" height=\"300\" src=\"https:\/\/scorelogistics.lt\/wp-content\/uploads\/2026\/04\/PoisonGas-300x300.jpg\" class=\"basel-gallery-image image-3 attachment-medium\" alt=\"Poison-Gas\" title=\"PoisonGas\" srcset=\"https:\/\/scorelogistics.lt\/wp-content\/uploads\/2026\/04\/PoisonGas-300x300.jpg 300w, https:\/\/scorelogistics.lt\/wp-content\/uploads\/2026\/04\/PoisonGas-150x150.jpg 150w, https:\/\/scorelogistics.lt\/wp-content\/uploads\/2026\/04\/PoisonGas.jpg 500w\" sizes=\"auto, (max-width: 300px) 100vw, 300px\" \/>\t\t\t\t\t\t\t\t\n\t\t\t\t\t\t\t\t\t\t\t\t\t\t\t<\/div>\n\t\t\t\t\t\t\t\t\t\t\t\t\t<div class=\"basel-gallery-item\">\n\t\t\t\t\t\t\t\t\t\t\t\t\t\t\t\n\t\t\t\t\t\t\t\t\t\t\t\t\t\t\t\t\t<img loading=\"lazy\" decoding=\"async\" width=\"300\" height=\"300\" src=\"https:\/\/scorelogistics.lt\/wp-content\/uploads\/2026\/04\/FlammableLiquids-300x300.gif\" class=\"basel-gallery-image image-4 attachment-medium\" alt=\"Flammable-Liquids\" title=\"FlammableLiquids\" srcset=\"https:\/\/scorelogistics.lt\/wp-content\/uploads\/2026\/04\/FlammableLiquids-300x300.gif 300w, https:\/\/scorelogistics.lt\/wp-content\/uploads\/2026\/04\/FlammableLiquids-150x150.gif 150w\" sizes=\"auto, (max-width: 300px) 100vw, 300px\" \/>\t\t\t\t\t\t\t\t\n\t\t\t\t\t\t\t\t\t\t\t\t\t\t\t<\/div>\n\t\t\t\t\t\t\t\t\t\t\t\t\t<div class=\"basel-gallery-item\">\n\t\t\t\t\t\t\t\t\t\t\t\t\t\t\t\n\t\t\t\t\t\t\t\t\t\t\t\t\t\t\t\t\t<img loading=\"lazy\" decoding=\"async\" width=\"300\" height=\"300\" src=\"https:\/\/scorelogistics.lt\/wp-content\/uploads\/2026\/04\/DangerousWhenWet-300x300.gif\" class=\"basel-gallery-image image-5 attachment-medium\" alt=\"\" title=\"DangerousWhenWet\" srcset=\"https:\/\/scorelogistics.lt\/wp-content\/uploads\/2026\/04\/DangerousWhenWet-300x300.gif 300w, https:\/\/scorelogistics.lt\/wp-content\/uploads\/2026\/04\/DangerousWhenWet-150x150.gif 150w\" sizes=\"auto, (max-width: 300px) 100vw, 300px\" \/>\t\t\t\t\t\t\t\t\n\t\t\t\t\t\t\t\t\t\t\t\t\t\t\t<\/div>\n\t\t\t\t\t\t\t\t\t\t\t\t\t<div class=\"basel-gallery-item\">\n\t\t\t\t\t\t\t\t\t\t\t\t\t\t\t\n\t\t\t\t\t\t\t\t\t\t\t\t\t\t\t\t\t<img loading=\"lazy\" decoding=\"async\" width=\"300\" height=\"300\" src=\"https:\/\/scorelogistics.lt\/wp-content\/uploads\/2026\/04\/SpontaneouslyCombustible-300x300.jpg\" class=\"basel-gallery-image image-6 attachment-medium\" alt=\"Spontaneously-Combustible\" title=\"SpontaneouslyCombustible\" srcset=\"https:\/\/scorelogistics.lt\/wp-content\/uploads\/2026\/04\/SpontaneouslyCombustible-300x300.jpg 300w, https:\/\/scorelogistics.lt\/wp-content\/uploads\/2026\/04\/SpontaneouslyCombustible-150x150.jpg 150w, https:\/\/scorelogistics.lt\/wp-content\/uploads\/2026\/04\/SpontaneouslyCombustible.jpg 500w\" sizes=\"auto, (max-width: 300px) 100vw, 300px\" \/>\t\t\t\t\t\t\t\t\n\t\t\t\t\t\t\t\t\t\t\t\t\t\t\t<\/div>\n\t\t\t\t\t\t\t\t\t\t\t\t\t<div class=\"basel-gallery-item\">\n\t\t\t\t\t\t\t\t\t\t\t\t\t\t\t\n\t\t\t\t\t\t\t\t\t\t\t\t\t\t\t\t\t<img loading=\"lazy\" decoding=\"async\" width=\"300\" height=\"300\" src=\"https:\/\/scorelogistics.lt\/wp-content\/uploads\/2026\/04\/FlammableSolids-300x300.gif\" class=\"basel-gallery-image image-7 attachment-medium\" alt=\"Flammable-Solids\" title=\"FlammableSolids\" srcset=\"https:\/\/scorelogistics.lt\/wp-content\/uploads\/2026\/04\/FlammableSolids-300x300.gif 300w, https:\/\/scorelogistics.lt\/wp-content\/uploads\/2026\/04\/FlammableSolids-150x150.gif 150w\" sizes=\"auto, (max-width: 300px) 100vw, 300px\" \/>\t\t\t\t\t\t\t\t\n\t\t\t\t\t\t\t\t\t\t\t\t\t\t\t<\/div>\n\t\t\t\t\t\t\t\t\t\t\t\t\t<div class=\"basel-gallery-item\">\n\t\t\t\t\t\t\t\t\t\t\t\t\t\t\t\n\t\t\t\t\t\t\t\t\t\t\t\t\t\t\t\t\t<img loading=\"lazy\" decoding=\"async\" width=\"300\" height=\"300\" src=\"https:\/\/scorelogistics.lt\/wp-content\/uploads\/2026\/04\/OxidizerTransport-300x300.jpg\" class=\"basel-gallery-image image-8 attachment-medium\" alt=\"Oxidizer-Transport\" title=\"OxidizerTransport\" srcset=\"https:\/\/scorelogistics.lt\/wp-content\/uploads\/2026\/04\/OxidizerTransport-300x300.jpg 300w, https:\/\/scorelogistics.lt\/wp-content\/uploads\/2026\/04\/OxidizerTransport-150x150.jpg 150w, https:\/\/scorelogistics.lt\/wp-content\/uploads\/2026\/04\/OxidizerTransport.jpg 500w\" sizes=\"auto, (max-width: 300px) 100vw, 300px\" \/>\t\t\t\t\t\t\t\t\n\t\t\t\t\t\t\t\t\t\t\t\t\t\t\t<\/div>\n\t\t\t\t\t\t\t\t\t\t\t\t\t<div class=\"basel-gallery-item\">\n\t\t\t\t\t\t\t\t\t\t\t\t\t\t\t\n\t\t\t\t\t\t\t\t\t\t\t\t\t\t\t\t\t<img loading=\"lazy\" decoding=\"async\" width=\"275\" height=\"271\" src=\"https:\/\/scorelogistics.lt\/wp-content\/uploads\/2026\/04\/OrganicPeroxides.jpg\" class=\"basel-gallery-image image-9 attachment-medium\" alt=\"\" title=\"Organic-Peroxides\" \/>\t\t\t\t\t\t\t\t\n\t\t\t\t\t\t\t\t\t\t\t\t\t\t\t<\/div>\n\t\t\t\t\t\t\t\t\t\t\t\t\t<div class=\"basel-gallery-item\">\n\t\t\t\t\t\t\t\t\t\t\t\t\t\t\t\n\t\t\t\t\t\t\t\t\t\t\t\t\t\t\t\t\t<img loading=\"lazy\" decoding=\"async\" width=\"300\" height=\"300\" src=\"https:\/\/scorelogistics.lt\/wp-content\/uploads\/2026\/04\/PoisonInhalationHazard-300x300.jpg\" class=\"basel-gallery-image image-10 attachment-medium\" alt=\"Poison-Inhalation-Hazard\" title=\"PoisonInhalationHazard\" srcset=\"https:\/\/scorelogistics.lt\/wp-content\/uploads\/2026\/04\/PoisonInhalationHazard-300x300.jpg 300w, https:\/\/scorelogistics.lt\/wp-content\/uploads\/2026\/04\/PoisonInhalationHazard-150x150.jpg 150w, https:\/\/scorelogistics.lt\/wp-content\/uploads\/2026\/04\/PoisonInhalationHazard.jpg 500w\" sizes=\"auto, (max-width: 300px) 100vw, 300px\" \/>\t\t\t\t\t\t\t\t\n\t\t\t\t\t\t\t\t\t\t\t\t\t\t\t<\/div>\n\t\t\t\t\t\t\t\t\t\t\t\t\t<div class=\"basel-gallery-item\">\n\t\t\t\t\t\t\t\t\t\t\t\t\t\t\t\n\t\t\t\t\t\t\t\t\t\t\t\t\t\t\t\t\t<img loading=\"lazy\" decoding=\"async\" width=\"300\" height=\"300\" src=\"https:\/\/scorelogistics.lt\/wp-content\/uploads\/2026\/04\/Poison-300x300.jpg\" class=\"basel-gallery-image image-11 attachment-medium\" alt=\"Poison\" title=\"Poison\" srcset=\"https:\/\/scorelogistics.lt\/wp-content\/uploads\/2026\/04\/Poison-300x300.jpg 300w, https:\/\/scorelogistics.lt\/wp-content\/uploads\/2026\/04\/Poison-150x150.jpg 150w, https:\/\/scorelogistics.lt\/wp-content\/uploads\/2026\/04\/Poison.jpg 500w\" sizes=\"auto, (max-width: 300px) 100vw, 300px\" \/>\t\t\t\t\t\t\t\t\n\t\t\t\t\t\t\t\t\t\t\t\t\t\t\t<\/div>\n\t\t\t\t\t\t\t\t\t\t\t\t\t<div class=\"basel-gallery-item\">\n\t\t\t\t\t\t\t\t\t\t\t\t\t\t\t\n\t\t\t\t\t\t\t\t\t\t\t\t\t\t\t\t\t<img loading=\"lazy\" decoding=\"async\" width=\"300\" height=\"300\" src=\"https:\/\/scorelogistics.lt\/wp-content\/uploads\/2026\/04\/InfectiousSubstance-300x300.jpg\" class=\"basel-gallery-image image-12 attachment-medium\" alt=\"Infectious-Substance\" title=\"InfectiousSubstance\" srcset=\"https:\/\/scorelogistics.lt\/wp-content\/uploads\/2026\/04\/InfectiousSubstance-300x300.jpg 300w, https:\/\/scorelogistics.lt\/wp-content\/uploads\/2026\/04\/InfectiousSubstance-150x150.jpg 150w, https:\/\/scorelogistics.lt\/wp-content\/uploads\/2026\/04\/InfectiousSubstance.jpg 500w\" sizes=\"auto, (max-width: 300px) 100vw, 300px\" \/>\t\t\t\t\t\t\t\t\n\t\t\t\t\t\t\t\t\t\t\t\t\t\t\t<\/div>\n\t\t\t\t\t\t\t\t\t\t\t\t\t<div class=\"basel-gallery-item\">\n\t\t\t\t\t\t\t\t\t\t\t\t\t\t\t\n\t\t\t\t\t\t\t\t\t\t\t\t\t\t\t\t\t<img loading=\"lazy\" decoding=\"async\" width=\"300\" height=\"300\" src=\"https:\/\/scorelogistics.lt\/wp-content\/uploads\/2026\/04\/CorrosiveTransport-300x300.jpg\" class=\"basel-gallery-image image-13 attachment-medium\" alt=\"Corrosive-Transport\" title=\"CorrosiveTransport\" srcset=\"https:\/\/scorelogistics.lt\/wp-content\/uploads\/2026\/04\/CorrosiveTransport-300x300.jpg 300w, https:\/\/scorelogistics.lt\/wp-content\/uploads\/2026\/04\/CorrosiveTransport-150x150.jpg 150w, https:\/\/scorelogistics.lt\/wp-content\/uploads\/2026\/04\/CorrosiveTransport.jpg 500w\" sizes=\"auto, (max-width: 300px) 100vw, 300px\" \/>\t\t\t\t\t\t\t\t\n\t\t\t\t\t\t\t\t\t\t\t\t\t\t\t<\/div>\n\t\t\t\t\t\t\t\t\t\t\t\t\t<div class=\"basel-gallery-item\">\n\t\t\t\t\t\t\t\t\t\t\t\t\t\t\t\n\t\t\t\t\t\t\t\t\t\t\t\t\t\t\t\t\t<img loading=\"lazy\" decoding=\"async\" width=\"300\" height=\"300\" src=\"https:\/\/scorelogistics.lt\/wp-content\/uploads\/2026\/04\/Class9-300x300.jpg\" class=\"basel-gallery-image image-14 attachment-medium\" alt=\"miscellaneous-dangerous-substances\" title=\"Class9\" srcset=\"https:\/\/scorelogistics.lt\/wp-content\/uploads\/2026\/04\/Class9-300x300.jpg 300w, https:\/\/scorelogistics.lt\/wp-content\/uploads\/2026\/04\/Class9-150x150.jpg 150w, https:\/\/scorelogistics.lt\/wp-content\/uploads\/2026\/04\/Class9.jpg 500w\" sizes=\"auto, (max-width: 300px) 100vw, 300px\" \/>\t\t\t\t\t\t\t\t\n\t\t\t\t\t\t\t\t\t\t\t\t\t\t\t<\/div>\n\t\t\t\t\t\t\t\t\t\t\t\t\t\t\t<\/div>\n\t\t\t<\/div>\n\t\t\t\t\t<\/div><\/div><\/div><\/div><section data-vc-full-width=\"true\" data-vc-full-width-temp=\"true\" data-vc-full-width-init=\"false\" class=\"vc_section vc_custom_1775806004664 vc_section-has-fill\"><div id=\"consumer-goods-form\" class=\"vc_row wpb_row vc_row-fluid vc_custom_1775811350602 vc_row-has-fill\"><div class=\"wpb_column vc_column_container vc_col-sm-2\"><div class=\"vc_column-inner\"><div class=\"wpb_wrapper\"><\/div><\/div><\/div><div class=\"wpb_column vc_column_container vc_col-sm-8\"><div class=\"vc_column-inner\"><div class=\"wpb_wrapper\"><h2 style=\"color: #FFFFFF;text-align: center\" class=\"vc_custom_heading vc_do_custom_heading vc_custom_1775729863479\" >Bereit f\u00fcr eine ma\u00dfgeschneiderte L\u00f6sung?<\/h2>\n<div class=\"wpcf7 no-js\" id=\"wpcf7-f32727-o1\" lang=\"en-US\" dir=\"ltr\" data-wpcf7-id=\"32727\">\n<div class=\"screen-reader-response\"><p role=\"status\" aria-live=\"polite\" aria-atomic=\"true\"><\/p> <ul><\/ul><\/div>\n<form action=\"\/de\/wp-json\/wp\/v2\/pages\/32208#wpcf7-f32727-o1\" method=\"post\" class=\"wpcf7-form init\" aria-label=\"Contact form\" novalidate=\"novalidate\" data-status=\"init\" data-trp-original-action=\"\/de\/wp-json\/wp\/v2\/pages\/32208#wpcf7-f32727-o1\">\n<fieldset class=\"hidden-fields-container\"><input type=\"hidden\" name=\"_wpcf7\" value=\"32727\" \/><input type=\"hidden\" name=\"_wpcf7_version\" value=\"6.1.5\" \/><input type=\"hidden\" name=\"_wpcf7_locale\" value=\"en_US\" \/><input type=\"hidden\" name=\"_wpcf7_unit_tag\" value=\"wpcf7-f32727-o1\" \/><input type=\"hidden\" name=\"_wpcf7_container_post\" value=\"0\" \/><input type=\"hidden\" name=\"_wpcf7_posted_data_hash\" value=\"\" \/><input type=\"hidden\" name=\"_wpcf7_recaptcha_response\" value=\"\" \/>\n<\/fieldset>\n<p><label>Name (erforderlich)<\/label><span class=\"wpcf7-form-control-wrap\" data-name=\"your-name\"><input size=\"40\" maxlength=\"400\" class=\"wpcf7-form-control wpcf7-text wpcf7-validates-as-required\" aria-required=\"true\" aria-invalid=\"false\" value=\"\" type=\"text\" name=\"your-name\" \/><\/span>\n<\/p>\n<p><label>Unternehmen (erforderlich)<\/label><span class=\"wpcf7-form-control-wrap\" data-name=\"your-company\"><input size=\"40\" maxlength=\"400\" class=\"wpcf7-form-control wpcf7-text wpcf7-validates-as-required\" aria-required=\"true\" aria-invalid=\"false\" value=\"\" type=\"text\" name=\"your-company\" \/><\/span>\n<\/p>\n<p><label>E-Mail (erforderlich)<\/label><span class=\"wpcf7-form-control-wrap\" data-name=\"email\"><input size=\"40\" maxlength=\"400\" class=\"wpcf7-form-control wpcf7-email wpcf7-validates-as-required wpcf7-text wpcf7-validates-as-email\" aria-required=\"true\" aria-invalid=\"false\" value=\"\" type=\"email\" name=\"email\" \/><\/span>\n<\/p>\n<p><label>Telefon (erforderlich)<\/label><span class=\"wpcf7-form-control-wrap\" data-name=\"phone\"><input size=\"40\" maxlength=\"400\" class=\"wpcf7-form-control wpcf7-tel wpcf7-validates-as-required wpcf7-text wpcf7-validates-as-tel\" aria-required=\"true\" aria-invalid=\"false\" value=\"\" type=\"tel\" name=\"phone\" \/><\/span>\n<\/p>\n<p><label>Nachricht<\/label><span class=\"wpcf7-form-control-wrap\" data-name=\"your-message\"><textarea cols=\"40\" rows=\"10\" maxlength=\"2000\" class=\"wpcf7-form-control wpcf7-textarea\" aria-invalid=\"false\" name=\"your-message\"><\/textarea><\/span>\n<\/p>\n<p style = \"color:#999999\">Diese Website ist durch reCAPTCHA gesch\u00fctzt.\n<\/p>\n<p><span class=\"wpcf7-form-control-wrap\" data-name=\"terms\"><span class=\"wpcf7-form-control wpcf7-acceptance\"><span class=\"wpcf7-list-item\"><label><input type=\"checkbox\" name=\"terms\" value=\"1\" aria-invalid=\"false\" \/><span class=\"wpcf7-list-item-label\">Ich stimme den <a href=\"\/de\/privacy-policy\/\" target=\"_blank\">Allgemeinen Gesch\u00e4ftsbedingungen und der Datenschutzrichtlinie zu<\/a><\/span><\/label><\/span><\/span><\/span>\n<\/p>\n<p><input class=\"wpcf7-form-control wpcf7-submit has-spinner btn-color-primary btn\" type=\"submit\" value=\"ANGEBOT ANFORDERN\" \/>\n<\/p><p style=\"display: none !important;\" class=\"akismet-fields-container\" data-prefix=\"_wpcf7_ak_\"><label>Delta<textarea name=\"_wpcf7_ak_hp_textarea\" cols=\"45\" rows=\"8\" maxlength=\"100\"><\/textarea><\/label><input type=\"hidden\" id=\"ak_js_1\" name=\"_wpcf7_ak_js\" value=\"19\"\/><script>document.getElementById( \"ak_js_1\" ).setAttribute( \"value\", ( new Date() ).getTime() );<\/script><\/p><div class=\"wpcf7-response-output\" aria-hidden=\"true\"><\/div>\n<input type=\"hidden\" name=\"trp-form-language\" value=\"de\"\/><\/form>\n<\/div>\n<\/div><\/div><\/div><div class=\"wpb_column vc_column_container vc_col-sm-2\"><div class=\"vc_column-inner\"><div class=\"wpb_wrapper\"><\/div><\/div><\/div><\/div><\/section><div class=\"vc_row-full-width vc_clearfix\"><\/div><div data-vc-full-width=\"true\" data-vc-full-width-temp=\"true\" data-vc-full-width-init=\"false\" data-vc-stretch-content=\"true\" class=\"vc_row wpb_row vc_row-fluid vc_custom_1775808942686 vc_row-has-fill\"><div class=\"wpb_column vc_column_container vc_col-sm-3\"><div class=\"vc_column-inner\"><div class=\"wpb_wrapper\"><\/div><\/div><\/div><div class=\"wpb_column vc_column_container vc_col-sm-6 color-scheme-light text-center\"><div class=\"vc_column-inner\"><div class=\"wpb_wrapper\"><\/div><\/div><\/div><div class=\"wpb_column vc_column_container vc_col-sm-3\"><div class=\"vc_column-inner\"><div class=\"wpb_wrapper\"><\/div><\/div><\/div><div class=\"wpb_column vc_column_container vc_col-sm-12\"><div class=\"vc_column-inner\"><div class=\"wpb_wrapper\"><\/div><\/div><\/div><\/div><div class=\"vc_row-full-width vc_clearfix\"><\/div>\n<\/div>","protected":false},"excerpt":{"rendered":"Do you ship dangerous goods across Western Europe?ADR cargo comes with real complexity - strict documentation, certified drivers, compliant vehicles,","protected":false},"author":2,"featured_media":0,"parent":0,"menu_order":0,"comment_status":"closed","ping_status":"closed","template":"","meta":{"footnotes":""},"class_list":["post-32208","page","type-page","status-publish","hentry"],"_links":{"self":[{"href":"https:\/\/scorelogistics.lt\/de\/wp-json\/wp\/v2\/pages\/32208","targetHints":{"allow":["GET"]}}],"collection":[{"href":"https:\/\/scorelogistics.lt\/de\/wp-json\/wp\/v2\/pages"}],"about":[{"href":"https:\/\/scorelogistics.lt\/de\/wp-json\/wp\/v2\/types\/page"}],"author":[{"embeddable":true,"href":"https:\/\/scorelogistics.lt\/de\/wp-json\/wp\/v2\/users\/2"}],"replies":[{"embeddable":true,"href":"https:\/\/scorelogistics.lt\/de\/wp-json\/wp\/v2\/comments?post=32208"}],"version-history":[{"count":43,"href":"https:\/\/scorelogistics.lt\/de\/wp-json\/wp\/v2\/pages\/32208\/revisions"}],"predecessor-version":[{"id":32814,"href":"https:\/\/scorelogistics.lt\/de\/wp-json\/wp\/v2\/pages\/32208\/revisions\/32814"}],"wp:attachment":[{"href":"https:\/\/scorelogistics.lt\/de\/wp-json\/wp\/v2\/media?parent=32208"}],"curies":[{"name":"wp","href":"https:\/\/api.w.org\/{rel}","templated":true}]}}