{"id":33017,"date":"2026-04-16T12:30:18","date_gmt":"2026-04-16T12:30:18","guid":{"rendered":"https:\/\/scorelogistics.lt\/?page_id=33017"},"modified":"2026-04-22T13:48:56","modified_gmt":"2026-04-22T13:48:56","slug":"germany-italy-transport","status":"publish","type":"page","link":"https:\/\/scorelogistics.lt\/de\/germany-italy-transport\/","title":{"rendered":"Deutschland-Italien Linie"},"content":{"rendered":"<div class=\"wpb-content-wrapper\"><div class=\"vc_row wpb_row vc_row-fluid vc_row-o-full-height vc_row-o-columns-middle vc_row-flex\"><div class=\"wpb_column vc_column_container vc_col-sm-6\"><div class=\"vc_column-inner\"><div class=\"wpb_wrapper\">\n\t<div  class=\"wpb_single_image wpb_content_element vc_align_left vc_custom_1776666727061\">\n\t\t\n\t\t<figure class=\"wpb_wrapper vc_figure\">\n\t\t\t<div class=\"vc_single_image-wrapper   vc_box_border_grey\"><img decoding=\"async\" class=\"vc_single_image-img\" src=\"https:\/\/scorelogistics.lt\/wp-content\/uploads\/2026\/04\/germany-italy-map-585x501.jpg\" width=\"585\" height=\"501\" alt=\"germany-italy-map\" title=\"germany-italy-map\" loading=\"lazy\" \/><\/div>\n\t\t<\/figure>\n\t<\/div>\n<\/div><\/div><\/div><div class=\"wpb_column vc_column_container vc_col-sm-6\"><div class=\"vc_column-inner\"><div class=\"wpb_wrapper\"><h1 style=\"text-align: center\" class=\"vc_custom_heading vc_do_custom_heading\" >Dedizierter Vollladungstransport von Deutschland nach Italien<\/h1>\n\t<div class=\"wpb_text_column wpb_content_element largeTxt\" >\n\t\t<div class=\"wpb_wrapper\">\n\t\t\t<p class=\"font-claude-response-body break-words whitespace-normal leading-&#091;1.7&#093;\" style=\"text-align: center;\">Wir betreiben eine dedizierte Deutschland\u2013Italien-FTL-Transportlinie als Teil unseres permanenten, zirkul\u00e4ren europ\u00e4ischen Frachtnetzes. Im Gegensatz zu allgemeinen Speditionsleistungen oder Spotmarkt-Diensten handelt es sich um eine geplante, wiederkehrende Linie \u2013 speziell entwickelt f\u00fcr Unternehmen, die das ganze Jahr \u00fcber konstante, zuverl\u00e4ssige Kapazit\u00e4ten zwischen Deutschland und Italien ben\u00f6tigen.<\/p>\n<p class=\"font-claude-response-body break-words whitespace-normal leading-&#091;1.7&#093;\" style=\"text-align: center;\">Sendungen werden in M\u00fcnchen, Stuttgart, Frankfurt, K\u00f6ln, Hamburg und Berlin abgeholt und direkt nach Mailand, Turin, Bologna und Verona zugestellt. Keine Konsolidierung, keine Umschlagterminals \u2013 Ihre Vollladung wird in einer einzigen, ununterbrochenen Fahrt vom Absende- zum Zielort transportiert.<\/p>\n\n\t\t<\/div>\n\t<\/div>\n<\/div><\/div><\/div><\/div><section data-vc-full-width=\"true\" data-vc-full-width-temp=\"true\" data-vc-full-width-init=\"false\" class=\"vc_section vc_custom_1776411140794 vc_section-has-fill\"><div class=\"vc_row wpb_row vc_row-fluid vc_row-o-full-height vc_row-o-columns-bottom vc_row-flex\"><div class=\"wpb_column vc_column_container vc_col-sm-6\"><div class=\"vc_column-inner\"><div class=\"wpb_wrapper\"><h1 style=\"font-size: 45px;color: #FFFFFF;text-align: center\" class=\"vc_custom_heading vc_do_custom_heading\" >Spezialtransporte auf dem deutsch-italienischen Korridor<\/h1>\n\t<div class=\"wpb_text_column wpb_content_element vc_custom_1776416728698 largeTxt color-scheme-light\" >\n\t\t<div class=\"wpb_wrapper\">\n\t\t\t<p class=\"font-claude-response-body break-words whitespace-normal leading-&#091;1.7&#093;\" style=\"text-align: center;\">Score Logistics hat auf der Deutschland\u2013Italien-Strecke spezifisches Fachwissen f\u00fcr die Abwicklung komplexer und regulierter Ladungen aufgebaut \u2013 darunter ADR-Gefahrgut, Sammelgut und Abfalltransporte \u2013 mit dem erforderlichen Dokumentations-, Compliance- und grenz\u00fcberschreitenden Know-how f\u00fcr jede Sendungsart.<\/p>\n<p class=\"font-claude-response-body break-words whitespace-normal leading-&#091;1.7&#093;\" style=\"text-align: center;\">Die Routenwahl erfolgt auf Basis der Ladungsanforderungen und der betrieblichen Effizienz, sodass Ihre Fracht stets den geeignetsten Weg nach Italien nimmt. Ob \u00fcber \u00d6sterreich oder die Schweiz \u2013 wir koordinieren die gesamte Fahrt, damit Sie es nicht m\u00fcssen.<\/p>\n<p class=\"font-claude-response-body break-words whitespace-normal leading-&#091;1.7&#093;\" style=\"text-align: center;\">Unser Team \u00fcbernimmt alle erforderlichen Dokumente, Genehmigungen und die Kommunikation mit dem Frachtf\u00fchrer von A bis Z \u2013 mit einem einzigen Ansprechpartner und vollst\u00e4ndiger Transparenz vom Moment der Abholung in Deutschland bis zur Ankunft am italienischen Zielort.<\/p>\n\n\t\t<\/div>\n\t<\/div>\n<\/div><\/div><\/div><div class=\"wpb_column vc_column_container vc_col-sm-6 vc_col-has-fill\"><div class=\"vc_column-inner vc_custom_1776415936105\"><div class=\"wpb_wrapper\">\n\t<div  class=\"wpb_single_image wpb_content_element vc_align_left\">\n\t\t\n\t\t<figure class=\"wpb_wrapper vc_figure\">\n\t\t\t<div class=\"vc_single_image-wrapper   vc_box_border_grey\"><img loading=\"lazy\" decoding=\"async\" width=\"754\" height=\"1024\" src=\"https:\/\/scorelogistics.lt\/wp-content\/uploads\/2025\/08\/SCORE-LOGISTICS-FULL-TRUCK-LOAD-754x1024.png\" class=\"vc_single_image-img attachment-large\" alt=\"SCORE LOGISTICS TRUCK LOADED FTL DELIVERY TEAM\" title=\"SCORE LOGISTICS \u2013 KOMPLETTLADUNG\" srcset=\"https:\/\/scorelogistics.lt\/wp-content\/uploads\/2025\/08\/SCORE-LOGISTICS-FULL-TRUCK-LOAD-754x1024.png 754w, https:\/\/scorelogistics.lt\/wp-content\/uploads\/2025\/08\/SCORE-LOGISTICS-FULL-TRUCK-LOAD-221x300.png 221w, https:\/\/scorelogistics.lt\/wp-content\/uploads\/2025\/08\/SCORE-LOGISTICS-FULL-TRUCK-LOAD-768x1043.png 768w, https:\/\/scorelogistics.lt\/wp-content\/uploads\/2025\/08\/SCORE-LOGISTICS-FULL-TRUCK-LOAD-1131x1536.png 1131w, https:\/\/scorelogistics.lt\/wp-content\/uploads\/2025\/08\/SCORE-LOGISTICS-FULL-TRUCK-LOAD.png 1177w\" sizes=\"auto, (max-width: 754px) 100vw, 754px\" \/><\/div>\n\t\t<\/figure>\n\t<\/div>\n<\/div><\/div><\/div><\/div><\/section><div class=\"vc_row-full-width vc_clearfix\"><\/div><div data-vc-full-width=\"true\" data-vc-full-width-temp=\"true\" data-vc-full-width-init=\"false\" class=\"vc_row wpb_row vc_row-fluid\"><div class=\"wpb_column vc_column_container vc_col-sm-12\"><div class=\"vc_column-inner\"><div class=\"wpb_wrapper\"><h1 style=\"font-size: 45px;text-align: center\" class=\"vc_custom_heading vc_do_custom_heading vc_custom_1776865724949\" >Was bekommst du<\/h1><div class=\"vc_separator wpb_content_element vc_separator_align_center vc_sep_width_40 vc_sep_pos_align_center vc_separator_no_text vc_sep_color_blue\" ><span class=\"vc_sep_holder vc_sep_holder_l\"><span class=\"vc_sep_line\"><\/span><\/span><span class=\"vc_sep_holder vc_sep_holder_r\"><span class=\"vc_sep_line\"><\/span><\/span>\n<\/div>\n\t<div class=\"wpb_raw_code wpb_raw_html wpb_content_element vc_custom_1776424638420\" >\n\t\t<div class=\"wpb_wrapper\">\n\t\t\t<style>\r\n  .sl-benefits-row {\r\n    display: grid;\r\n    grid-template-columns: repeat(6, minmax(0, 1fr));\r\n    gap: 18px;\r\n    align-items: stretch;\r\n    text-align: center;\r\n    margin: 10px 0 0 0;\r\n  }\r\n\r\n  .sl-benefit-item {\r\n    padding: 18px 12px 14px;\r\n    position: relative;\r\n    display: flex;\r\n    flex-direction: column;\r\n    align-items: center;\r\n    min-height: 100%;\r\n  }\r\n\r\n  .sl-benefit-icon {\r\n    width: 72px;\r\n    height: 72px;\r\n    margin: 0 auto 16px auto;\r\n    display: flex;\r\n    align-items: center;\r\n    justify-content: center;\r\n    flex-shrink: 0;\r\n  }\r\n\r\n  .sl-benefit-icon img {\r\n    width: 100%;\r\n    height: 100%;\r\n    object-fit: contain;\r\n    display: block;\r\n  }\r\n\r\n  .sl-benefit-title {\r\n    margin: 0;\r\n    color: #004AAD;\r\n    font-size: 15px;\r\n    line-height: 1.35;\r\n    font-weight: 700;\r\n    text-transform: uppercase;\r\n    letter-spacing: 0.02em;\r\n    min-height: 42px;\r\n    display: flex;\r\n    align-items: flex-start;\r\n    justify-content: center;\r\n  }\r\n\r\n  .sl-benefit-item::after {\r\n    content: \"\";\r\n    margin-top: auto;\r\n    display: block;\r\n    width: 62px;\r\n    height: 2px;\r\n    background: #004AAD;\r\n    border-radius: 2px;\r\n    opacity: 0.18;\r\n    align-self: center;\r\n  }\r\n\r\n  @media (max-width: 1199px) {\r\n    .sl-benefits-row {\r\n      grid-template-columns: repeat(3, minmax(0, 1fr));\r\n    }\r\n  }\r\n\r\n  @media (max-width: 767px) {\r\n    .sl-benefits-row {\r\n      grid-template-columns: repeat(2, minmax(0, 1fr));\r\n      gap: 12px;\r\n    }\r\n\r\n    .sl-benefit-icon {\r\n      width: 58px;\r\n      height: 58px;\r\n    }\r\n\r\n    .sl-benefit-title {\r\n      font-size: 13px;\r\n      min-height: 36px;\r\n    }\r\n  }\r\n\r\n  @media (max-width: 480px) {\r\n    .sl-benefits-row {\r\n      grid-template-columns: 1fr;\r\n    }\r\n  }\r\n<\/style>\r\n\r\n<div class=\"sl-benefits-row\">\r\n  <div class=\"sl-benefit-item\" onclick=\"window.location.href='https:\/\/scorelogistics.lt\/contact-us\/';\" style=\"cursor:pointer;\">\r\n    <div class=\"sl-benefit-icon\">\r\n      <img decoding=\"async\" src=\"https:\/\/scorelogistics.lt\/wp-content\/uploads\/2026\/04\/direct-transport-2.png\" alt=\"Direct transport\">\r\n    <\/div>\r\n    <p class=\"sl-benefit-title\">Direkt-\ntransport<\/p>\r\n  <\/div>\r\n\r\n  <div class=\"sl-benefit-item\" onclick=\"window.location.href='https:\/\/scorelogistics.lt\/ftl-freight-lines-europe\/';\" style=\"cursor:pointer;\">\r\n    <div class=\"sl-benefit-icon\">\r\n      <img decoding=\"async\" src=\"https:\/\/scorelogistics.lt\/wp-content\/uploads\/2026\/04\/direct-transport-1.png\" alt=\"Regular departures\">\r\n    <\/div>\r\n    <p class=\"sl-benefit-title\">Regelm\u00e4\u00dfige Abfahrten<\/p>\r\n  <\/div>\r\n\r\n  <div class=\"sl-benefit-item\" onclick=\"window.location.href='https:\/\/scorelogistics.lt\/about-us\/';\" style=\"cursor:pointer;\">\r\n    <div class=\"sl-benefit-icon\">\r\n      <img decoding=\"async\" src=\"https:\/\/scorelogistics.lt\/wp-content\/uploads\/2026\/04\/own-fleet.png\" alt=\"Company-owned fleet\">\r\n    <\/div>\r\n    <p class=\"sl-benefit-title\">Eigene Fahrzeug-\nflotte<\/p>\r\n  <\/div>\r\n\r\n  <div class=\"sl-benefit-item\" onclick=\"window.location.href='https:\/\/scorelogistics.lt\/contact-us\/';\" style=\"cursor:pointer;\">\r\n    <div class=\"sl-benefit-icon\">\r\n      <img decoding=\"async\" src=\"https:\/\/scorelogistics.lt\/wp-content\/uploads\/2026\/04\/one-contact-person.png\" alt=\"One contact person\">\r\n    <\/div>\r\n    <p class=\"sl-benefit-title\">Ein fester Ansprechpartner<\/p>\r\n  <\/div>\r\n\r\n  <div class=\"sl-benefit-item\" onclick=\"window.location.href='https:\/\/scorelogistics.lt\/about-us\/';\" style=\"cursor:pointer;\">\r\n    <div class=\"sl-benefit-icon\">\r\n      <img decoding=\"async\" src=\"https:\/\/scorelogistics.lt\/wp-content\/uploads\/2026\/04\/stable-delivery-time.png\" alt=\"Stable lead times\">\r\n    <\/div>\r\n    <p class=\"sl-benefit-title\">Stabile Lieferzeiten<\/p>\r\n  <\/div>\r\n\r\n  <div class=\"sl-benefit-item\" onclick=\"window.location.href='https:\/\/scorelogistics.lt\/dangerous-goods-adr-transportation\/';\" style=\"cursor:pointer;\">\r\n    <div class=\"sl-benefit-icon\">\r\n      <img decoding=\"async\" src=\"https:\/\/scorelogistics.lt\/wp-content\/uploads\/2026\/04\/adr-ready.png\" alt=\"ADR-ready\">\r\n    <\/div>\r\n    <p class=\"sl-benefit-title\">ADR-ready<\/p>\r\n  <\/div>\r\n<\/div>\n\t\t<\/div>\n\t<\/div>\n<\/div><\/div><\/div><\/div><div class=\"vc_row-full-width vc_clearfix\"><\/div><section data-vc-full-width=\"true\" data-vc-full-width-temp=\"true\" data-vc-full-width-init=\"false\" class=\"vc_section vc_custom_1776406159201 vc_section-has-fill\"><div id=\"consumer-goods-form\" class=\"vc_row wpb_row vc_row-fluid vc_custom_1775811350602 vc_row-has-fill\"><div class=\"wpb_column vc_column_container vc_col-sm-2\"><div class=\"vc_column-inner\"><div class=\"wpb_wrapper\"><\/div><\/div><\/div><div class=\"wpb_column vc_column_container vc_col-sm-8\"><div class=\"vc_column-inner\"><div class=\"wpb_wrapper\"><h2 style=\"color: #FFFFFF;text-align: center\" class=\"vc_custom_heading vc_do_custom_heading vc_custom_1775729863479\" >Bereit f\u00fcr eine ma\u00dfgeschneiderte L\u00f6sung?<\/h2>\n<div class=\"wpcf7 no-js\" id=\"wpcf7-f32727-o1\" lang=\"en-US\" dir=\"ltr\" data-wpcf7-id=\"32727\">\n<div class=\"screen-reader-response\"><p role=\"status\" aria-live=\"polite\" aria-atomic=\"true\"><\/p> <ul><\/ul><\/div>\n<form action=\"\/de\/wp-json\/wp\/v2\/pages\/33017#wpcf7-f32727-o1\" method=\"post\" class=\"wpcf7-form init\" aria-label=\"Contact form\" novalidate=\"novalidate\" data-status=\"init\" data-trp-original-action=\"\/de\/wp-json\/wp\/v2\/pages\/33017#wpcf7-f32727-o1\">\n<fieldset class=\"hidden-fields-container\"><input type=\"hidden\" name=\"_wpcf7\" value=\"32727\" \/><input type=\"hidden\" name=\"_wpcf7_version\" value=\"6.1.5\" \/><input type=\"hidden\" name=\"_wpcf7_locale\" value=\"en_US\" \/><input type=\"hidden\" name=\"_wpcf7_unit_tag\" value=\"wpcf7-f32727-o1\" \/><input type=\"hidden\" name=\"_wpcf7_container_post\" value=\"0\" \/><input type=\"hidden\" name=\"_wpcf7_posted_data_hash\" value=\"\" \/><input type=\"hidden\" name=\"_wpcf7_recaptcha_response\" value=\"\" \/>\n<\/fieldset>\n<p><label>Name (erforderlich)<\/label><span class=\"wpcf7-form-control-wrap\" data-name=\"your-name\"><input size=\"40\" maxlength=\"400\" class=\"wpcf7-form-control wpcf7-text wpcf7-validates-as-required\" aria-required=\"true\" aria-invalid=\"false\" value=\"\" type=\"text\" name=\"your-name\" \/><\/span>\n<\/p>\n<p><label>Unternehmen (erforderlich)<\/label><span class=\"wpcf7-form-control-wrap\" data-name=\"your-company\"><input size=\"40\" maxlength=\"400\" class=\"wpcf7-form-control wpcf7-text wpcf7-validates-as-required\" aria-required=\"true\" aria-invalid=\"false\" value=\"\" type=\"text\" name=\"your-company\" \/><\/span>\n<\/p>\n<p><label>E-Mail (erforderlich)<\/label><span class=\"wpcf7-form-control-wrap\" data-name=\"email\"><input size=\"40\" maxlength=\"400\" class=\"wpcf7-form-control wpcf7-email wpcf7-validates-as-required wpcf7-text wpcf7-validates-as-email\" aria-required=\"true\" aria-invalid=\"false\" value=\"\" type=\"email\" name=\"email\" \/><\/span>\n<\/p>\n<p><label>Telefon (erforderlich)<\/label><span class=\"wpcf7-form-control-wrap\" data-name=\"phone\"><input size=\"40\" maxlength=\"400\" class=\"wpcf7-form-control wpcf7-tel wpcf7-validates-as-required wpcf7-text wpcf7-validates-as-tel\" aria-required=\"true\" aria-invalid=\"false\" value=\"\" type=\"tel\" name=\"phone\" \/><\/span>\n<\/p>\n<p><label>Nachricht<\/label><span class=\"wpcf7-form-control-wrap\" data-name=\"your-message\"><textarea cols=\"40\" rows=\"10\" maxlength=\"2000\" class=\"wpcf7-form-control wpcf7-textarea\" aria-invalid=\"false\" name=\"your-message\"><\/textarea><\/span>\n<\/p>\n<p style = \"color:#999999\">Diese Website ist durch reCAPTCHA gesch\u00fctzt.\n<\/p>\n<p><span class=\"wpcf7-form-control-wrap\" data-name=\"terms\"><span class=\"wpcf7-form-control wpcf7-acceptance\"><span class=\"wpcf7-list-item\"><label><input type=\"checkbox\" name=\"terms\" value=\"1\" aria-invalid=\"false\" \/><span class=\"wpcf7-list-item-label\">Ich stimme den <a href=\"\/de\/privacy-policy\/\" target=\"_blank\">Allgemeinen Gesch\u00e4ftsbedingungen und der Datenschutzrichtlinie zu<\/a><\/span><\/label><\/span><\/span><\/span>\n<\/p>\n<p><input class=\"wpcf7-form-control wpcf7-submit has-spinner btn-color-primary btn\" type=\"submit\" value=\"ANGEBOT ANFORDERN\" \/>\n<\/p><p style=\"display: none !important;\" class=\"akismet-fields-container\" data-prefix=\"_wpcf7_ak_\"><label>Delta<textarea name=\"_wpcf7_ak_hp_textarea\" cols=\"45\" rows=\"8\" maxlength=\"100\"><\/textarea><\/label><input type=\"hidden\" id=\"ak_js_1\" name=\"_wpcf7_ak_js\" value=\"95\"\/><script>document.getElementById( \"ak_js_1\" ).setAttribute( \"value\", ( new Date() ).getTime() );<\/script><\/p><div class=\"wpcf7-response-output\" aria-hidden=\"true\"><\/div>\n<input type=\"hidden\" name=\"trp-form-language\" value=\"de\"\/><\/form>\n<\/div>\n<\/div><\/div><\/div><div class=\"wpb_column vc_column_container vc_col-sm-2\"><div class=\"vc_column-inner\"><div class=\"wpb_wrapper\"><\/div><\/div><\/div><\/div><\/section><div class=\"vc_row-full-width vc_clearfix\"><\/div><div data-vc-full-width=\"true\" data-vc-full-width-temp=\"true\" data-vc-full-width-init=\"false\" data-vc-stretch-content=\"true\" class=\"vc_row wpb_row vc_row-fluid vc_custom_1776406240300 vc_row-has-fill\"><div class=\"wpb_column vc_column_container vc_col-sm-3\"><div class=\"vc_column-inner\"><div class=\"wpb_wrapper\"><\/div><\/div><\/div><div class=\"wpb_column vc_column_container vc_col-sm-6 color-scheme-light text-center\"><div class=\"vc_column-inner\"><div class=\"wpb_wrapper\"><\/div><\/div><\/div><div class=\"wpb_column vc_column_container vc_col-sm-3\"><div class=\"vc_column-inner\"><div class=\"wpb_wrapper\"><\/div><\/div><\/div><div class=\"wpb_column vc_column_container vc_col-sm-12\"><div class=\"vc_column-inner\"><div class=\"wpb_wrapper\"><\/div><\/div><\/div><\/div><div class=\"vc_row-full-width vc_clearfix\"><\/div>\n<\/div>","protected":false},"excerpt":{"rendered":"Dedicated full truck load freight from Germany to Italy We operate a dedicated Germany-Italy FTL transport lane as part of","protected":false},"author":3,"featured_media":0,"parent":0,"menu_order":0,"comment_status":"closed","ping_status":"closed","template":"","meta":{"footnotes":""},"class_list":["post-33017","page","type-page","status-publish","hentry"],"_links":{"self":[{"href":"https:\/\/scorelogistics.lt\/de\/wp-json\/wp\/v2\/pages\/33017","targetHints":{"allow":["GET"]}}],"collection":[{"href":"https:\/\/scorelogistics.lt\/de\/wp-json\/wp\/v2\/pages"}],"about":[{"href":"https:\/\/scorelogistics.lt\/de\/wp-json\/wp\/v2\/types\/page"}],"author":[{"embeddable":true,"href":"https:\/\/scorelogistics.lt\/de\/wp-json\/wp\/v2\/users\/3"}],"replies":[{"embeddable":true,"href":"https:\/\/scorelogistics.lt\/de\/wp-json\/wp\/v2\/comments?post=33017"}],"version-history":[{"count":29,"href":"https:\/\/scorelogistics.lt\/de\/wp-json\/wp\/v2\/pages\/33017\/revisions"}],"predecessor-version":[{"id":33240,"href":"https:\/\/scorelogistics.lt\/de\/wp-json\/wp\/v2\/pages\/33017\/revisions\/33240"}],"wp:attachment":[{"href":"https:\/\/scorelogistics.lt\/de\/wp-json\/wp\/v2\/media?parent=33017"}],"curies":[{"name":"wp","href":"https:\/\/api.w.org\/{rel}","templated":true}]}}