{"id":33148,"date":"2026-04-20T10:43:49","date_gmt":"2026-04-20T10:43:49","guid":{"rendered":"https:\/\/scorelogistics.lt\/ftl-belgium\/"},"modified":"2026-04-21T06:04:08","modified_gmt":"2026-04-21T06:04:08","slug":"ftl-czechia","status":"publish","type":"page","link":"https:\/\/scorelogistics.lt\/de\/ftl-czechia\/","title":{"rendered":"FTL Tschechien"},"content":{"rendered":"<div class=\"wpb-content-wrapper\"><div class=\"vc_row wpb_row vc_row-fluid\"><div class=\"wpb_column vc_column_container vc_col-sm-12\"><div class=\"vc_column-inner\"><div class=\"wpb_wrapper\"><h1 style=\"font-size: 45px;color: #004AAD;text-align: left\" class=\"vc_custom_heading vc_do_custom_heading\" >FTL-Transport Tschechien<\/h1>\n\t<div class=\"wpb_text_column wpb_content_element vc_custom_1776682817282 largeTxt\" >\n\t\t<div class=\"wpb_wrapper\">\n\t\t\t<p style=\"text-align: left;\">Score Logistics ist Ihr verl\u00e4sslicher FTL-Partner f\u00fcr Tschechien und liefert t\u00e4glich Ladungen ins Land und aus dem Land heraus \u2013 mit voller Flexibilit\u00e4t f\u00fcr Ihren Zeitplan und Ihre Transportanforderungen. Unsere eigene Flotte mit ADR-zertifizierten LKW und Fahrern gew\u00e4hrleistet sichere, p\u00fcnktliche Lieferungen. Kunden, die 5 oder mehr Ladungen pro Monat transportieren, profitieren von Inner Circle-Konditionen.<\/p>\n\n\t\t<\/div>\n\t<\/div>\n<\/div><\/div><\/div><\/div><section data-vc-full-width=\"true\" data-vc-full-width-temp=\"true\" data-vc-full-width-init=\"false\" class=\"vc_section vc_custom_1776674698873 vc_section-has-fill\"><div id=\"consumer-goods-form\" class=\"vc_row wpb_row vc_row-fluid vc_custom_1775811350602 vc_row-has-fill\"><div class=\"wpb_column vc_column_container vc_col-sm-2\"><div class=\"vc_column-inner\"><div class=\"wpb_wrapper\"><\/div><\/div><\/div><div class=\"wpb_column vc_column_container vc_col-sm-8\"><div class=\"vc_column-inner\"><div class=\"wpb_wrapper\"><h2 style=\"color: #FFFFFF;text-align: center\" class=\"vc_custom_heading vc_do_custom_heading vc_custom_1776664520609\" >F\u00fcllen Sie das Formular aus und erhalten Sie ein Angebot<\/h2>\n<div class=\"wpcf7 no-js\" id=\"wpcf7-f32727-o1\" lang=\"en-US\" dir=\"ltr\" data-wpcf7-id=\"32727\">\n<div class=\"screen-reader-response\"><p role=\"status\" aria-live=\"polite\" aria-atomic=\"true\"><\/p> <ul><\/ul><\/div>\n<form action=\"\/de\/wp-json\/wp\/v2\/pages\/33148#wpcf7-f32727-o1\" method=\"post\" class=\"wpcf7-form init\" aria-label=\"Contact form\" novalidate=\"novalidate\" data-status=\"init\" data-trp-original-action=\"\/de\/wp-json\/wp\/v2\/pages\/33148#wpcf7-f32727-o1\">\n<fieldset class=\"hidden-fields-container\"><input type=\"hidden\" name=\"_wpcf7\" value=\"32727\" \/><input type=\"hidden\" name=\"_wpcf7_version\" value=\"6.1.5\" \/><input type=\"hidden\" name=\"_wpcf7_locale\" value=\"en_US\" \/><input type=\"hidden\" name=\"_wpcf7_unit_tag\" value=\"wpcf7-f32727-o1\" \/><input type=\"hidden\" name=\"_wpcf7_container_post\" value=\"0\" \/><input type=\"hidden\" name=\"_wpcf7_posted_data_hash\" value=\"\" \/><input type=\"hidden\" name=\"_wpcf7_recaptcha_response\" value=\"\" \/>\n<\/fieldset>\n<p><label>Name (erforderlich)<\/label><span class=\"wpcf7-form-control-wrap\" data-name=\"your-name\"><input size=\"40\" maxlength=\"400\" class=\"wpcf7-form-control wpcf7-text wpcf7-validates-as-required\" aria-required=\"true\" aria-invalid=\"false\" value=\"\" type=\"text\" name=\"your-name\" \/><\/span>\n<\/p>\n<p><label>Unternehmen (erforderlich)<\/label><span class=\"wpcf7-form-control-wrap\" data-name=\"your-company\"><input size=\"40\" maxlength=\"400\" class=\"wpcf7-form-control wpcf7-text wpcf7-validates-as-required\" aria-required=\"true\" aria-invalid=\"false\" value=\"\" type=\"text\" name=\"your-company\" \/><\/span>\n<\/p>\n<p><label>E-Mail (erforderlich)<\/label><span class=\"wpcf7-form-control-wrap\" data-name=\"email\"><input size=\"40\" maxlength=\"400\" class=\"wpcf7-form-control wpcf7-email wpcf7-validates-as-required wpcf7-text wpcf7-validates-as-email\" aria-required=\"true\" aria-invalid=\"false\" value=\"\" type=\"email\" name=\"email\" \/><\/span>\n<\/p>\n<p><label>Telefon (erforderlich)<\/label><span class=\"wpcf7-form-control-wrap\" data-name=\"phone\"><input size=\"40\" maxlength=\"400\" class=\"wpcf7-form-control wpcf7-tel wpcf7-validates-as-required wpcf7-text wpcf7-validates-as-tel\" aria-required=\"true\" aria-invalid=\"false\" value=\"\" type=\"tel\" name=\"phone\" \/><\/span>\n<\/p>\n<p><label>Nachricht<\/label><span class=\"wpcf7-form-control-wrap\" data-name=\"your-message\"><textarea cols=\"40\" rows=\"10\" maxlength=\"2000\" class=\"wpcf7-form-control wpcf7-textarea\" aria-invalid=\"false\" name=\"your-message\"><\/textarea><\/span>\n<\/p>\n<p style = \"color:#999999\">Diese Website ist durch reCAPTCHA gesch\u00fctzt.\n<\/p>\n<p><span class=\"wpcf7-form-control-wrap\" data-name=\"terms\"><span class=\"wpcf7-form-control wpcf7-acceptance\"><span class=\"wpcf7-list-item\"><label><input type=\"checkbox\" name=\"terms\" value=\"1\" aria-invalid=\"false\" \/><span class=\"wpcf7-list-item-label\">Ich stimme den <a href=\"\/de\/privacy-policy\/\" target=\"_blank\">Allgemeinen Gesch\u00e4ftsbedingungen und der Datenschutzrichtlinie zu<\/a><\/span><\/label><\/span><\/span><\/span>\n<\/p>\n<p><input class=\"wpcf7-form-control wpcf7-submit has-spinner btn-color-primary btn\" type=\"submit\" value=\"ANGEBOT ANFORDERN\" \/>\n<\/p><p style=\"display: none !important;\" class=\"akismet-fields-container\" data-prefix=\"_wpcf7_ak_\"><label>Delta<textarea name=\"_wpcf7_ak_hp_textarea\" cols=\"45\" rows=\"8\" maxlength=\"100\"><\/textarea><\/label><input type=\"hidden\" id=\"ak_js_1\" name=\"_wpcf7_ak_js\" value=\"163\"\/><script>document.getElementById( \"ak_js_1\" ).setAttribute( \"value\", ( new Date() ).getTime() );<\/script><\/p><div class=\"wpcf7-response-output\" aria-hidden=\"true\"><\/div>\n<input type=\"hidden\" name=\"trp-form-language\" value=\"de\"\/><\/form>\n<\/div>\n<\/div><\/div><\/div><div class=\"wpb_column vc_column_container vc_col-sm-2\"><div class=\"vc_column-inner\"><div class=\"wpb_wrapper\"><\/div><\/div><\/div><\/div><\/section><div class=\"vc_row-full-width vc_clearfix\"><\/div><div class=\"vc_row wpb_row vc_row-fluid\"><div class=\"wpb_column vc_column_container vc_col-sm-6\"><div class=\"vc_column-inner\"><div class=\"wpb_wrapper\">\n\t<div  class=\"wpb_single_image wpb_content_element vc_align_left vc_custom_1776674866505\">\n\t\t\n\t\t<figure class=\"wpb_wrapper vc_figure\">\n\t\t\t<div class=\"vc_single_image-wrapper   vc_box_border_grey\"><img decoding=\"async\" class=\"vc_single_image-img\" src=\"https:\/\/scorelogistics.lt\/wp-content\/uploads\/2026\/04\/Score-Truck-585x840.png\" width=\"585\" height=\"840\" alt=\"Score-Logistics-Truck\" title=\"Score-Truck\" loading=\"lazy\" \/><\/div>\n\t\t<\/figure>\n\t<\/div>\n<\/div><\/div><\/div><div class=\"wpb_column vc_column_container vc_col-sm-6\"><div class=\"vc_column-inner\"><div class=\"wpb_wrapper\"><h2 style=\"font-size: 45px;color: #004AAD;text-align: left\" class=\"vc_custom_heading vc_do_custom_heading vc_custom_1776665491995\" >Warum Score Logistics w\u00e4hlen?<\/h2>\n\t<div class=\"wpb_text_column wpb_content_element vc_custom_1776682829893 largeTxt\" >\n\t\t<div class=\"wpb_wrapper\">\n\t\t\t<p style=\"text-align: center;\">Score Logistics ist ein zuverl\u00e4ssiger FTL-Partner f\u00fcr Transporte nach und aus Tschechien und verbindet t\u00e4gliche Betriebserfahrung mit einem flexiblen Ansatz f\u00fcr den Zeitplan und die Ladungsanforderungen jedes Kunden. Wir arbeiten mit unserer eigenen Flotte, was uns eine bessere Kontrolle \u00fcber Qualit\u00e4t, Timing und Kommunikation vom Beladen bis zur Lieferung erm\u00f6glicht. Unsere LKW und Fahrer sind ADR-zertifiziert, sodass wir Gefahrg\u00fcter sicher und in \u00dcbereinstimmung mit den erforderlichen Standards transportieren k\u00f6nnen. Dies macht uns zu einem starken Partner f\u00fcr Unternehmen, die Kontinuit\u00e4t, Verl\u00e4sslichkeit und direkten Kontakt ohne unn\u00f6tige Verz\u00f6gerungen ben\u00f6tigen.<\/p>\n\n\t\t<\/div>\n\t<\/div>\n<div class=\"vc_separator wpb_content_element vc_separator_align_center vc_sep_width_100 vc_sep_pos_align_center vc_separator_no_text vc_sep_color_blue\" ><span class=\"vc_sep_holder vc_sep_holder_l\"><span class=\"vc_sep_line\"><\/span><\/span><span class=\"vc_sep_holder vc_sep_holder_r\"><span class=\"vc_sep_line\"><\/span><\/span>\n<\/div>\n\t<div class=\"wpb_raw_code wpb_raw_html wpb_content_element\" >\n\t\t<div class=\"wpb_wrapper\">\n\t\t\t<style>\r\n  .sl-benefits-row {\r\n    display: grid;\r\n    grid-template-columns: repeat(5, minmax(0, 1fr));\r\n    gap: 18px;\r\n    align-items: stretch;\r\n    text-align: center;\r\n    margin: 10px 0 0 0;\r\n  }\r\n\r\n  .sl-benefit-item {\r\n    padding: 18px 12px 14px;\r\n    position: relative;\r\n    display: flex;\r\n    flex-direction: column;\r\n    align-items: center;\r\n    min-height: 100%;\r\n  }\r\n\r\n  .sl-benefit-icon {\r\n    width: 72px;\r\n    height: 72px;\r\n    margin: 0 auto 16px auto;\r\n    display: flex;\r\n    align-items: center;\r\n    justify-content: center;\r\n    flex-shrink: 0;\r\n  }\r\n\r\n  .sl-benefit-icon img {\r\n    width: 100%;\r\n    height: 100%;\r\n    object-fit: contain;\r\n    display: block;\r\n  }\r\n\r\n  .sl-benefit-title {\r\n    margin: 0;\r\n    color: #004AAD;\r\n    font-size: 15px;\r\n    line-height: 1.35;\r\n    font-weight: 700;\r\n    text-transform: uppercase;\r\n    letter-spacing: 0.02em;\r\n    min-height: 42px;\r\n    display: flex;\r\n    align-items: flex-start;\r\n    justify-content: center;\r\n  }\r\n\r\n  .sl-benefit-item::after {\r\n    content: \"\";\r\n    margin-top: auto;\r\n    display: block;\r\n    width: 62px;\r\n    height: 2px;\r\n    background: #004AAD;\r\n    border-radius: 2px;\r\n    opacity: 0.18;\r\n    align-self: center;\r\n  }\r\n\r\n  @media (max-width: 1199px) {\r\n    .sl-benefits-row {\r\n      grid-template-columns: repeat(3, minmax(0, 1fr));\r\n    }\r\n  }\r\n\r\n  @media (max-width: 767px) {\r\n    .sl-benefits-row {\r\n      grid-template-columns: repeat(2, minmax(0, 1fr));\r\n      gap: 12px;\r\n    }\r\n\r\n    .sl-benefit-icon {\r\n      width: 58px;\r\n      height: 58px;\r\n    }\r\n\r\n    .sl-benefit-title {\r\n      font-size: 13px;\r\n      min-height: 36px;\r\n    }\r\n  }\r\n\r\n  @media (max-width: 480px) {\r\n    .sl-benefits-row {\r\n      grid-template-columns: 1fr;\r\n    }\r\n  }\r\n<\/style>\r\n\r\n<div class=\"sl-benefits-row\">\r\n  <div class=\"sl-benefit-item\" onclick=\"window.location.href='https:\/\/scorelogistics.lt\/contact-us\/';\" style=\"cursor:pointer;\">\r\n    <div class=\"sl-benefit-icon\">\r\n      <img decoding=\"async\" src=\"https:\/\/scorelogistics.lt\/wp-content\/uploads\/2026\/04\/direct-transport-2.png\" alt=\"Direct transport\">\r\n    <\/div>\r\n    <p class=\"sl-benefit-title\">Direkt-\ntransport<\/p>\r\n  <\/div>\r\n\r\n  <div class=\"sl-benefit-item\" onclick=\"window.location.href='https:\/\/scorelogistics.lt\/ftl-freight-lines-europe\/';\" style=\"cursor:pointer;\">\r\n    <div class=\"sl-benefit-icon\">\r\n      <img decoding=\"async\" src=\"https:\/\/scorelogistics.lt\/wp-content\/uploads\/2026\/04\/direct-transport-1.png\" alt=\"Regular departures\">\r\n    <\/div>\r\n    <p class=\"sl-benefit-title\">Regelm\u00e4\u00dfige Abfahrten<\/p>\r\n  <\/div>\r\n\r\n  <div class=\"sl-benefit-item\" onclick=\"window.location.href='https:\/\/scorelogistics.lt\/about-us\/';\" style=\"cursor:pointer;\">\r\n    <div class=\"sl-benefit-icon\">\r\n      <img decoding=\"async\" src=\"https:\/\/scorelogistics.lt\/wp-content\/uploads\/2026\/04\/own-fleet.png\" alt=\"Company-owned fleet\">\r\n    <\/div>\r\n    <p class=\"sl-benefit-title\">Eigene Fahrzeug-\nflotte<\/p>\r\n  <\/div>\r\n\r\n  <div class=\"sl-benefit-item\" onclick=\"window.location.href='https:\/\/scorelogistics.lt\/about-us\/';\" style=\"cursor:pointer;\">\r\n    <div class=\"sl-benefit-icon\">\r\n      <img decoding=\"async\" src=\"https:\/\/scorelogistics.lt\/wp-content\/uploads\/2026\/04\/stable-delivery-time.png\" alt=\"Stable lead times\">\r\n    <\/div>\r\n    <p class=\"sl-benefit-title\">Stabile Lieferzeiten<\/p>\r\n  <\/div>\r\n\r\n  <div class=\"sl-benefit-item\" onclick=\"window.location.href='https:\/\/scorelogistics.lt\/dangerous-goods-adr-transportation\/';\" style=\"cursor:pointer;\">\r\n    <div class=\"sl-benefit-icon\">\r\n      <img decoding=\"async\" src=\"https:\/\/scorelogistics.lt\/wp-content\/uploads\/2026\/04\/adr-ready.png\" alt=\"ADR-ready\">\r\n    <\/div>\r\n    <p class=\"sl-benefit-title\">ADR-ready<\/p>\r\n  <\/div>\r\n<\/div>\n\t\t<\/div>\n\t<\/div>\n<\/div><\/div><\/div><\/div><section data-vc-full-width=\"true\" data-vc-full-width-temp=\"true\" data-vc-full-width-init=\"false\" class=\"vc_section vc_custom_1776674886476 vc_section-has-fill\"><div class=\"vc_row wpb_row vc_row-fluid vc_custom_1775811350602 vc_row-has-fill\"><div class=\"wpb_column vc_column_container vc_col-sm-6\"><div class=\"vc_column-inner\"><div class=\"wpb_wrapper\"><h2 style=\"font-size: 45px;color: #FFFFFF;text-align: center\" class=\"vc_custom_heading vc_do_custom_heading\" >Tschechien im internationalen Frachtverkehr<\/h2>\n\t<div class=\"wpb_text_column wpb_content_element vc_custom_1776682849461 largeTxt color-scheme-light\" >\n\t\t<div class=\"wpb_wrapper\">\n\t\t\t<p class=\"my-2 &#091;&amp;+p&#093;:mt-4 &#091;&amp;_strong:has(+br)&#093;:inline-block &#091;&amp;_strong:has(+br)&#093;:pb-2\" style=\"text-align: center;\">Tschechien fungiert als nat\u00fcrlicher Transitknotenpunkt f\u00fcr den Stra\u00dfeng\u00fcterverkehr in Europa, insbesondere f\u00fcr Sendungen zwischen den deutschsprachigen M\u00e4rkten, Italien sowie Mittel- und Osteuropa. Seine gut ausgebauten Logistikkorridore und die zuverl\u00e4ssige Transportinfrastruktur machen es zu einer wichtigen Route f\u00fcr FTL-Transporte. Score Logistics unterst\u00fctzt Transporte nach und aus Tschechien mit eigener Flotte, flexibler Terminplanung und direkter Kommunikation f\u00fcr reibungslose grenz\u00fcberschreitende Lieferungen.<\/p>\n\n\t\t<\/div>\n\t<\/div>\n<\/div><\/div><\/div><div class=\"wpb_column vc_column_container vc_col-sm-6\"><div class=\"vc_column-inner\"><div class=\"wpb_wrapper\">\n\t<div  class=\"wpb_single_image wpb_content_element vc_align_left vc_custom_1776682940845\">\n\t\t\n\t\t<figure class=\"wpb_wrapper vc_figure\">\n\t\t\t<div class=\"vc_single_image-wrapper   vc_box_border_grey\"><img loading=\"lazy\" decoding=\"async\" width=\"1024\" height=\"586\" src=\"https:\/\/scorelogistics.lt\/wp-content\/uploads\/2026\/04\/czech-republic-1024x586.png\" class=\"vc_single_image-img attachment-large\" alt=\"\" title=\"czech-republic\" srcset=\"https:\/\/scorelogistics.lt\/wp-content\/uploads\/2026\/04\/czech-republic-1024x586.png 1024w, https:\/\/scorelogistics.lt\/wp-content\/uploads\/2026\/04\/czech-republic-300x172.png 300w, https:\/\/scorelogistics.lt\/wp-content\/uploads\/2026\/04\/czech-republic-768x439.png 768w, https:\/\/scorelogistics.lt\/wp-content\/uploads\/2026\/04\/czech-republic-18x10.png 18w, https:\/\/scorelogistics.lt\/wp-content\/uploads\/2026\/04\/czech-republic.png 1225w\" sizes=\"auto, (max-width: 1024px) 100vw, 1024px\" \/><\/div>\n\t\t<\/figure>\n\t<\/div>\n<\/div><\/div><\/div><\/div><\/section><div class=\"vc_row-full-width vc_clearfix\"><\/div><div class=\"vc_row wpb_row vc_row-fluid vc_row-o-equal-height vc_row-flex\"><div class=\"wpb_column vc_column_container vc_col-sm-6 vc_col-lg-offset-0 vc_col-md-offset-0 vc_col-sm-offset-0 vc_col-has-fill\"><div class=\"vc_column-inner vc_custom_1776668834720\"><div class=\"wpb_wrapper\">\n\t<div  class=\"wpb_single_image wpb_content_element vc_align_left\">\n\t\t\n\t\t<figure class=\"wpb_wrapper vc_figure\">\n\t\t\t<div class=\"vc_single_image-wrapper   vc_box_border_grey\"><img decoding=\"async\" class=\"vc_single_image-img\" src=\"https:\/\/scorelogistics.lt\/wp-content\/uploads\/2026\/04\/1762762419938-555x450.jpg\" width=\"555\" height=\"450\" alt=\"Tautliner\" title=\"\" loading=\"lazy\" \/><\/div>\n\t\t<\/figure>\n\t<\/div>\n<\/div><\/div><\/div><div class=\"wpb_column vc_column_container vc_col-sm-6\"><div class=\"vc_column-inner\"><div class=\"wpb_wrapper\"><h2 style=\"font-size: 45px;text-align: center\" class=\"vc_custom_heading vc_do_custom_heading vc_custom_1776674947590\" >So funktioniert es<\/h2>\n\t<div class=\"wpb_text_column wpb_content_element largeTxt\" >\n\t\t<div class=\"wpb_wrapper\">\n\t\t\t<p class=\"my-2 &#091;&amp;+p&#093;:mt-4 &#091;&amp;_strong:has(+br)&#093;:inline-block &#091;&amp;_strong:has(+br)&#093;:pb-2\" style=\"text-align: center;\">Wir beginnen mit der Pr\u00fcfung Ihrer Frachtdetails, der Route, des Zeitplans sowie etwaiger besonderer Anforderungen wie ADR-Transport oder regelm\u00e4\u00dfiger Ladungsmengen. Anschlie\u00dfend erarbeiten wir die passendste FTL-L\u00f6sung und stimmen den Transportplan, die Dokumentation und den Liefertermin ab. Nach der Best\u00e4tigung \u00fcbernimmt unsere eigene Flotte die Sendung direkt \u2013 mit klarer Kommunikation w\u00e4hrend des gesamten Transportvorgangs. So erhalten Sie eine unkomplizierte und zuverl\u00e4ssige M\u00f6glichkeit, Fracht nach und aus Tschechien zu bef\u00f6rdern, ohne unn\u00f6tige Verz\u00f6gerungen.<\/p>\n\n\t\t<\/div>\n\t<\/div>\n<\/div><\/div><\/div><\/div>\n<\/div>","protected":false},"excerpt":{"rendered":"FTL transport Czechia Score Logistics is your trusted FTL partner in Czechia, delivering daily loads to and from the country","protected":false},"author":3,"featured_media":0,"parent":0,"menu_order":0,"comment_status":"closed","ping_status":"closed","template":"","meta":{"footnotes":""},"class_list":["post-33148","page","type-page","status-publish","hentry"],"_links":{"self":[{"href":"https:\/\/scorelogistics.lt\/de\/wp-json\/wp\/v2\/pages\/33148","targetHints":{"allow":["GET"]}}],"collection":[{"href":"https:\/\/scorelogistics.lt\/de\/wp-json\/wp\/v2\/pages"}],"about":[{"href":"https:\/\/scorelogistics.lt\/de\/wp-json\/wp\/v2\/types\/page"}],"author":[{"embeddable":true,"href":"https:\/\/scorelogistics.lt\/de\/wp-json\/wp\/v2\/users\/3"}],"replies":[{"embeddable":true,"href":"https:\/\/scorelogistics.lt\/de\/wp-json\/wp\/v2\/comments?post=33148"}],"version-history":[{"count":10,"href":"https:\/\/scorelogistics.lt\/de\/wp-json\/wp\/v2\/pages\/33148\/revisions"}],"predecessor-version":[{"id":33236,"href":"https:\/\/scorelogistics.lt\/de\/wp-json\/wp\/v2\/pages\/33148\/revisions\/33236"}],"wp:attachment":[{"href":"https:\/\/scorelogistics.lt\/de\/wp-json\/wp\/v2\/media?parent=33148"}],"curies":[{"name":"wp","href":"https:\/\/api.w.org\/{rel}","templated":true}]}}